{"id":29790,"date":"2026-02-19T16:56:28","date_gmt":"2026-02-19T16:56:28","guid":{"rendered":"https:\/\/batchartisandrinks.com\/?post_type=product&#038;p=29790"},"modified":"2026-02-21T16:23:30","modified_gmt":"2026-02-21T16:23:30","slug":"sorrel-b","status":"publish","type":"product","link":"https:\/\/batchartisandrinks.com\/en\/product\/sorrel-b\/","title":{"rendered":"Sorrel-B"},"content":{"rendered":"<p><strong>HOW TO PREPARE?<\/strong><\/p>\n<p>1.5 \u00f6l\u00e7ek Batch mix ile 1 \u00f6l\u00e7ek sevdi\u011fin i\u00e7kiyi ister shakerda bol buz ile \u00e7alkala ve buzlu bir barda\u011fa servis et istersen de bardakta bu \u00f6l\u00e7\u00fcleri bol buz ile bir araya getir ve kar\u0131\u015ft\u0131r!<\/p>\n<p>Contents;<\/p>\n<p>Kuzukula\u011f\u0131<\/p>\n<p>Bergamot<\/p>\n<p>Ye\u015fil Elma<\/p>\n<p>Seasons;<\/p>\n<p>In 4 seasons can be consumed<\/p>\n<p><strong>Perfect for enjoying in these moments:<\/strong><\/p>\n<p>Brunches<\/p>\n<p>In The House meetings<\/p>\n<p>Celebrations<\/p>\n<p>Beach Sunsets<\/p>\n<p>Picnic Tables<\/p>\n<p>Sailing &amp; Moments At Sea<\/p>\n<p>Meditasyon Sonras\u0131<\/p>\n<p><strong>Delivery:<\/strong> Shipped via a frozen cold-chain delivery.<\/p>\n<p><strong>Storage temperatures:<\/strong>\u00a0-18\u00b0C in the deep freezer to store it.<\/p>\n<p><strong>Solved:<\/strong>\u00a0When the product is fully resolved at +4\u00b0C store in the refrigerator and consume within 5 days.<\/p>","protected":false},"excerpt":{"rendered":"<p>HOW TO PREPARE? Fill a highball glass with your favorite drink mix with 1.5 scale 1 scale Batch wanna shake with ice and rocks<\/p>","protected":false},"featured_media":29809,"template":"","meta":[],"product_brand":[],"product_cat":[88],"product_tag":[],"class_list":{"0":"post-29790","1":"product","2":"type-product","3":"status-publish","4":"has-post-thumbnail","6":"product_cat-icecekler","8":"first","9":"instock","10":"shipping-taxable","11":"purchasable","12":"product-type-variable"},"_links":{"self":[{"href":"https:\/\/batchartisandrinks.com\/en\/wp-json\/wp\/v2\/product\/29790","targetHints":{"allow":["GET"]}}],"collection":[{"href":"https:\/\/batchartisandrinks.com\/en\/wp-json\/wp\/v2\/product"}],"about":[{"href":"https:\/\/batchartisandrinks.com\/en\/wp-json\/wp\/v2\/types\/product"}],"version-history":[{"count":6,"href":"https:\/\/batchartisandrinks.com\/en\/wp-json\/wp\/v2\/product\/29790\/revisions"}],"predecessor-version":[{"id":29804,"href":"https:\/\/batchartisandrinks.com\/en\/wp-json\/wp\/v2\/product\/29790\/revisions\/29804"}],"wp:featuredmedia":[{"embeddable":true,"href":"https:\/\/batchartisandrinks.com\/en\/wp-json\/wp\/v2\/media\/29809"}],"wp:attachment":[{"href":"https:\/\/batchartisandrinks.com\/en\/wp-json\/wp\/v2\/media?parent=29790"}],"wp:term":[{"taxonomy":"product_brand","embeddable":true,"href":"https:\/\/batchartisandrinks.com\/en\/wp-json\/wp\/v2\/product_brand?post=29790"},{"taxonomy":"product_cat","embeddable":true,"href":"https:\/\/batchartisandrinks.com\/en\/wp-json\/wp\/v2\/product_cat?post=29790"},{"taxonomy":"product_tag","embeddable":true,"href":"https:\/\/batchartisandrinks.com\/en\/wp-json\/wp\/v2\/product_tag?post=29790"}],"curies":[{"name":"wp","href":"https:\/\/api.w.org\/{rel}","templated":true}]}}