{"id":29391,"date":"2025-09-11T20:42:12","date_gmt":"2025-09-11T20:42:12","guid":{"rendered":"https:\/\/batchartisandrinks.com\/?post_type=product&#038;p=29391"},"modified":"2026-02-21T16:22:35","modified_gmt":"2026-02-21T16:22:35","slug":"tanisma-setleri","status":"publish","type":"product","link":"https:\/\/batchartisandrinks.com\/en\/product\/tanisma-setleri\/","title":{"rendered":"Introduction To Sets"},"content":{"rendered":"<div><strong>HOW TO PREPARE?<\/strong><\/div>\n<div><\/div>\n<div>Profesyonel bir kokteyl deneyimi i\u00e7in:<\/div>\n<div>Shaker\u2019a 1,5 \u00f6l\u00e7ek Batch Mix ve 1 \u00f6l\u00e7ek tercih etti\u011finiz i\u00e7kiyi ekleyin. Bol buz ile iyice \u00e7alkalay\u0131n ve buz dolu bir barda\u011fa s\u00fczerek servis edin.<\/div>\n<div>Shaker yoksa sorun de\u011fil \u2014 ayn\u0131 oranlar\u0131 bardakta bol buz ile kar\u0131\u015ft\u0131rarak da haz\u0131rlayabilirsiniz. Keyif sizin tarz\u0131n\u0131zda.<\/div>\n<div><\/div>\n<div><strong>PAKET SE\u00c7ENEKLER\u0130<\/strong><\/div>\n<div><\/div>\n<div><strong>500 ML Tan\u0131\u015fma Seti (Toplam 7 \u015ei\u015fe)<\/strong><\/div>\n<div><\/div>\n<div>Ev kokteyl bar\u0131n\u0131 olu\u015fturmak isteyenler i\u00e7in ideal. Her bir kokteyl mixinden 1 adet b\u00fcy\u00fck boy (500 ML) g\u00f6nderilir.<\/div>\n<div>Toplam \u00fcr\u00fcn: 7 x 500 ML<\/div>\n<div>\u0130\u00e7erik:<\/div>\n<div><strong>\u2022Sorrel-B<\/strong><\/div>\n<div><strong>\u2022Hot Passion<\/strong><\/div>\n<div><strong>\u2022Forest Sour<\/strong><\/div>\n<div><strong>\u2022Green Line<\/strong><\/div>\n<div><strong>\u2022Satsuma Sunset<\/strong><\/div>\n<div><strong>\u2022Coffee Martini<\/strong><\/div>\n<div><strong>\u2022Basil Smash<\/strong><\/div>\n<div><\/div>\n<div><strong>90 ML Tan\u0131\u015fma Seti (Toplam 21 Mini \u015ei\u015fe)<\/strong><\/div>\n<div><\/div>\n<div>Farkl\u0131 tatlar\u0131 denemek ve payla\u015fmak isteyenlere \u00f6zel. Her bir kokteyl mixsinden 3 adet mini boy (90 ML) g\u00f6nderilir.<\/div>\n<div>Toplam \u00fcr\u00fcn: 21 x 90 ML<\/div>\n<div>\u0130\u00e7erik:<\/div>\n<div>\u20223 \u00d7<strong> Sorrel-B<\/strong><\/div>\n<div>\u20223 \u00d7<strong> Hot Passion<\/strong><\/div>\n<div>\u20223 \u00d7 <strong>Sour Forest<\/strong><\/div>\n<div>\u20223 \u00d7<strong> Green Line<\/strong><\/div>\n<div>\u20223 \u00d7<strong> Satsuma Sunset<\/strong><\/div>\n<div>\u20223 \u00d7 <strong>Coffee Martini<\/strong><\/div>\n<div>\u20223 \u00d7 <strong>Basil Smash<\/strong><\/div>\n<div><\/div>\n<div><strong>HANG\u0130 ANLARA E\u015eL\u0130K EDER?<\/strong><\/div>\n<div>Batch Mix\u2019ler, her an\u0131 kokteyl bar kalitesine ta\u015f\u0131man\u0131z i\u00e7in haz\u0131rd\u0131r:<\/div>\n<div>\u2022Brunch sofralar\u0131<\/div>\n<div>\u2022Misafirli ak\u015famlar<\/div>\n<div>\u2022Kutlama ve do\u011fum g\u00fcnleri<\/div>\n<div>\u2022Sahil g\u00fcn bat\u0131mlar\u0131<\/div>\n<div>\u2022Piknikler<\/div>\n<div>\u2022Ev partileri<\/div>\n<div>\u2022Yelken &amp; deniz yolculuklar\u0131<\/div>\n<div>\u2022Meditasyon sonras\u0131 huzurlu anlar<\/div>\n<div><\/div>\n<div><strong>TESL\u0130MAT &amp; SAKLAMA<\/strong><\/div>\n<div>\u2022Teslimat: \u00dcr\u00fcnler tazeli\u011fini korumak i\u00e7in donuk zincir ile g\u00f6nderilir.<\/div>\n<div>\u2022Saklama: -18\u00b0C\u2019de derin dondurucuda muhafaza ediniz.<\/div>\n<div>\u2022T\u00fcketim: \u00c7\u00f6z\u00fcld\u00fckten sonra +4\u00b0C\u2019de buzdolab\u0131nda saklayarak 5 g\u00fcn i\u00e7erisinde t\u00fcketiniz.<\/div>","protected":false},"excerpt":{"rendered":"<p>NASIL HAZIRLANIR? Profesyonel bir kokteyl deneyimi i\u00e7in: Shaker\u2019a 1,5 \u00f6l\u00e7ek Batch Mix ve 1 \u00f6l\u00e7ek tercih etti\u011finiz i\u00e7kiyi ekleyin. Bol<\/p>","protected":false},"featured_media":29786,"template":"","meta":[],"product_brand":[],"product_cat":[88],"product_tag":[],"class_list":{"0":"post-29391","1":"product","2":"type-product","3":"status-publish","4":"has-post-thumbnail","6":"product_cat-icecekler","8":"first","9":"instock","10":"sale","11":"shipping-taxable","12":"purchasable","13":"product-type-variable","14":"has-default-attributes"},"_links":{"self":[{"href":"https:\/\/batchartisandrinks.com\/en\/wp-json\/wp\/v2\/product\/29391","targetHints":{"allow":["GET"]}}],"collection":[{"href":"https:\/\/batchartisandrinks.com\/en\/wp-json\/wp\/v2\/product"}],"about":[{"href":"https:\/\/batchartisandrinks.com\/en\/wp-json\/wp\/v2\/types\/product"}],"version-history":[{"count":6,"href":"https:\/\/batchartisandrinks.com\/en\/wp-json\/wp\/v2\/product\/29391\/revisions"}],"predecessor-version":[{"id":29785,"href":"https:\/\/batchartisandrinks.com\/en\/wp-json\/wp\/v2\/product\/29391\/revisions\/29785"}],"wp:featuredmedia":[{"embeddable":true,"href":"https:\/\/batchartisandrinks.com\/en\/wp-json\/wp\/v2\/media\/29786"}],"wp:attachment":[{"href":"https:\/\/batchartisandrinks.com\/en\/wp-json\/wp\/v2\/media?parent=29391"}],"wp:term":[{"taxonomy":"product_brand","embeddable":true,"href":"https:\/\/batchartisandrinks.com\/en\/wp-json\/wp\/v2\/product_brand?post=29391"},{"taxonomy":"product_cat","embeddable":true,"href":"https:\/\/batchartisandrinks.com\/en\/wp-json\/wp\/v2\/product_cat?post=29391"},{"taxonomy":"product_tag","embeddable":true,"href":"https:\/\/batchartisandrinks.com\/en\/wp-json\/wp\/v2\/product_tag?post=29391"}],"curies":[{"name":"wp","href":"https:\/\/api.w.org\/{rel}","templated":true}]}}