{"id":29200,"date":"2025-07-28T11:17:47","date_gmt":"2025-07-28T11:17:47","guid":{"rendered":"https:\/\/batchartisandrinks.com\/?post_type=product&#038;p=29200"},"modified":"2026-02-06T16:13:16","modified_gmt":"2026-02-06T16:13:16","slug":"foam-helper","status":"publish","type":"product","link":"https:\/\/batchartisandrinks.com\/en\/product\/foam-helper\/","title":{"rendered":"Foam Helper"},"content":{"rendered":"","protected":false},"excerpt":{"rendered":"<p>Foam Helper is a completely plant-based and natural product that gives your drinks a creamy, velvety foam. It is used as an alternative to egg white, without any of the odor or animal-based properties. It does not affect the flavor, contains no allergens, and provides a perfect texture without altering the taste of your drink.<\/p>\n<p><strong>\u00d6ne \u00c7\u0131kan \u00d6zellikler:<\/strong><br \/>\n\u2714 %100 vegan<br \/>\nIt does not contain alcohol, gluten or lactose.<br \/>\nManufactured in a nut-free environment<br \/>\nConvenient 120 ml bottle<\/p>\n<p>How to Use?<br \/>\nAdd all ingredients to the shaker along with 4\u20135 drops of Foam Helper, add ice, and shake vigorously for 15\u201320 seconds. Your drink is ready!<\/p>","protected":false},"featured_media":29570,"template":"","meta":[],"product_brand":[],"product_cat":[88],"product_tag":[],"class_list":{"0":"post-29200","1":"product","2":"type-product","3":"status-publish","4":"has-post-thumbnail","6":"product_cat-icecekler","8":"first","9":"instock","10":"shipping-taxable","11":"purchasable","12":"product-type-variable"},"_links":{"self":[{"href":"https:\/\/batchartisandrinks.com\/en\/wp-json\/wp\/v2\/product\/29200","targetHints":{"allow":["GET"]}}],"collection":[{"href":"https:\/\/batchartisandrinks.com\/en\/wp-json\/wp\/v2\/product"}],"about":[{"href":"https:\/\/batchartisandrinks.com\/en\/wp-json\/wp\/v2\/types\/product"}],"version-history":[{"count":2,"href":"https:\/\/batchartisandrinks.com\/en\/wp-json\/wp\/v2\/product\/29200\/revisions"}],"predecessor-version":[{"id":29598,"href":"https:\/\/batchartisandrinks.com\/en\/wp-json\/wp\/v2\/product\/29200\/revisions\/29598"}],"wp:featuredmedia":[{"embeddable":true,"href":"https:\/\/batchartisandrinks.com\/en\/wp-json\/wp\/v2\/media\/29570"}],"wp:attachment":[{"href":"https:\/\/batchartisandrinks.com\/en\/wp-json\/wp\/v2\/media?parent=29200"}],"wp:term":[{"taxonomy":"product_brand","embeddable":true,"href":"https:\/\/batchartisandrinks.com\/en\/wp-json\/wp\/v2\/product_brand?post=29200"},{"taxonomy":"product_cat","embeddable":true,"href":"https:\/\/batchartisandrinks.com\/en\/wp-json\/wp\/v2\/product_cat?post=29200"},{"taxonomy":"product_tag","embeddable":true,"href":"https:\/\/batchartisandrinks.com\/en\/wp-json\/wp\/v2\/product_tag?post=29200"}],"curies":[{"name":"wp","href":"https:\/\/api.w.org\/{rel}","templated":true}]}}