{"id":29182,"date":"2025-07-28T10:46:38","date_gmt":"2025-07-28T10:46:38","guid":{"rendered":"https:\/\/batchartisandrinks.com\/?post_type=product&#038;p=29182"},"modified":"2026-03-05T22:54:58","modified_gmt":"2026-03-05T22:54:58","slug":"green-line","status":"publish","type":"product","link":"https:\/\/batchartisandrinks.com\/en\/product\/green-line\/","title":{"rendered":"Green Line"},"content":{"rendered":"<p class=\"translation-block\">HOW TO PREPARE?\nShake 1.5 parts Batch mix with 1 part of your favorite spirit in a shaker filled with plenty of ice,\nthen strain into an ice-filled glass.\nAlternatively, you can combine the same ratios directly in the glass with plenty of ice\nand give it a stir!<\/p>\n<p>Contents;<br \/>\nTatl\u0131 Nane \u00c7ay\u0131<br \/>\nYe\u015fil Elma<br \/>\nOrange<br \/>\nLemon<br \/>\nGreyfurt<br \/>\nSugar<\/p>\n<p>Seasons;<br \/>\nIn 4 seasons can be consumed<br \/>\n<strong><br \/>\nPerfect for enjoying in these moments:<br \/>\n<\/strong>Brunches<br \/>\nIn The House meetings<br \/>\nBBQ Meet<br \/>\nCelebrations<br \/>\nBeach Sunsets<br \/>\nPicnic Tables<br \/>\nSailing &amp; Moments At Sea<\/p>\n<p>Teslimat: Donuk zincir g\u00f6nderilir.<br \/>\n<strong>Storage temperatures:<\/strong> -18\u00b0C in the deep freezer to store it.<br \/>\n<strong>Solved:<\/strong> When the product is fully resolved at +4\u00b0C store in the refrigerator and consume within 5 days.<\/p>","protected":false},"excerpt":{"rendered":"<p>HOW TO PREPARE? Fill a highball glass with your favorite drink mix with 1.5 scale 1 scale Batch wanna shake with ice and rocks<\/p>","protected":false},"featured_media":29826,"template":"","meta":[],"product_brand":[],"product_cat":[88],"product_tag":[],"class_list":{"0":"post-29182","1":"product","2":"type-product","3":"status-publish","4":"has-post-thumbnail","6":"product_cat-icecekler","8":"first","9":"instock","10":"shipping-taxable","11":"purchasable","12":"product-type-variable"},"_links":{"self":[{"href":"https:\/\/batchartisandrinks.com\/en\/wp-json\/wp\/v2\/product\/29182","targetHints":{"allow":["GET"]}}],"collection":[{"href":"https:\/\/batchartisandrinks.com\/en\/wp-json\/wp\/v2\/product"}],"about":[{"href":"https:\/\/batchartisandrinks.com\/en\/wp-json\/wp\/v2\/types\/product"}],"version-history":[{"count":4,"href":"https:\/\/batchartisandrinks.com\/en\/wp-json\/wp\/v2\/product\/29182\/revisions"}],"predecessor-version":[{"id":29427,"href":"https:\/\/batchartisandrinks.com\/en\/wp-json\/wp\/v2\/product\/29182\/revisions\/29427"}],"wp:featuredmedia":[{"embeddable":true,"href":"https:\/\/batchartisandrinks.com\/en\/wp-json\/wp\/v2\/media\/29826"}],"wp:attachment":[{"href":"https:\/\/batchartisandrinks.com\/en\/wp-json\/wp\/v2\/media?parent=29182"}],"wp:term":[{"taxonomy":"product_brand","embeddable":true,"href":"https:\/\/batchartisandrinks.com\/en\/wp-json\/wp\/v2\/product_brand?post=29182"},{"taxonomy":"product_cat","embeddable":true,"href":"https:\/\/batchartisandrinks.com\/en\/wp-json\/wp\/v2\/product_cat?post=29182"},{"taxonomy":"product_tag","embeddable":true,"href":"https:\/\/batchartisandrinks.com\/en\/wp-json\/wp\/v2\/product_tag?post=29182"}],"curies":[{"name":"wp","href":"https:\/\/api.w.org\/{rel}","templated":true}]}}