{"id":3,"date":"2025-07-26T09:01:10","date_gmt":"2025-07-26T09:01:10","guid":{"rendered":"https:\/\/batchartisandrinks.com\/?page_id=3"},"modified":"2025-08-30T06:35:26","modified_gmt":"2025-08-30T06:35:26","slug":"privacy-policy","status":"publish","type":"page","link":"https:\/\/batchartisandrinks.com\/en\/privacy-policy\/","title":{"rendered":"Privacy Policy"},"content":{"rendered":"<p>BERNARD\u0130N\u0130 ORGAN\u0130ZASYON DANI\u015eMANLIK VE DI\u015e T\u0130CARET L\u0130M\u0130TED \u015e\u0130RKET\u0130&nbsp;K\u0130\u015e\u0130SEL VER\u0130LER\u0130N KORUNMASINA \u0130L\u0130\u015eK\u0130N AYDINLATMA METN\u0130<\/p>\n\n\n\n<p>1- Giri\u015f<\/p>\n\n\n\n<p>Bernardini Organizasyon Dan\u0131\u015fmanl\u0131k ve D\u0131\u015f Ticaret Limited \u015eirketi&nbsp;(&#8220;\u015eirket&#8221;) olarak; ki\u015fisel verilerinizin gizlili\u011fi ve g\u00fcvenli\u011fi en \u00f6nemli \u00f6nceliklerimiz aras\u0131ndad\u0131r. \u015eirketimiz, 6698 say\u0131l\u0131 Ki\u015fisel Verilerin Korunmas\u0131 Kanunu (&#8220;KVKK&#8221;) d\u00fczenlemelerine ve ikincil mevzuata uyumlu bir \u015fekilde ki\u015fisel verilerinizi i\u015flemektedir. Ki\u015fisel verileriniz, kimli\u011finizi belirli ya da belirlenebilir k\u0131lan her t\u00fcrl\u00fc bilgi anlam\u0131na gelmektedir.<\/p>\n\n\n\n<p>\u015eirketimize ait mobil uygulamalarda ve\/veya internet sitelerinde (hepsi birlikte \u201cPlatform\u201d) sunulan hizmetlerden (hepsi birlikte \u201cPlatform Hizmetleri\u201d) yararlanabilmek amac\u0131yla \u00dcyelik S\u00f6zle\u015fmesi\u2019ni kabul ederek \u201cPlatform \u00dcyesi\u201d olman\u0131z halinde i\u015flenen ki\u015fisel verileriniz hakk\u0131nda sizleri bilgilendirmek isteriz.<\/p>\n\n\n\n<p>2- Hangi ki\u015fisel verilerinizi i\u015fliyoruz?<\/p>\n\n\n\n<p>Platform \u00dcyesi olman\u0131z halinde, a\u015fa\u011f\u0131daki ki\u015fisel verileriniz i\u015flenmektedir.<\/p>\n\n\n\n<ul class=\"wp-block-list\">\n<li>Kullan\u0131c\u0131 Hesap Bilgileriniz:\u00a0kullan\u0131c\u0131 ad\u0131n\u0131z, \u00fcyelik e-posta adresiniz ve kullan\u0131c\u0131 bilgilerinize eklemeniz halinde telefon numaran\u0131z ve adresiniz,<\/li>\n\n\n\n<li>Teslimat Bilgileriniz: sipari\u015f verdi\u011finiz \u00fcr\u00fcn\u00fcn teslimat\u0131 i\u00e7in ekledi\u011finiz telefon numaras\u0131 ve teslimat adresi bilgileriniz, teslimat i\u015flem bilgileriniz,<\/li>\n\n\n\n<li>\u00d6deme Bilgileriniz:\u00a0taraf\u0131n\u0131zca yap\u0131lan \u00f6demelere ve \u00f6deme y\u00f6ntemlerine ili\u015fkin bilgileriniz, kay\u0131tl\u0131 kart bilgileriniz,<\/li>\n\n\n\n<li>\u0130\u015flem G\u00fcvenli\u011fi Bilgileriniz:\u00a0cihaz bilgileriniz, IP adresi bilgisi, \u015fifre ve parola bilgileriniz, \u00e7erez bilgileriniz, platform eri\u015fim kay\u0131tlar\u0131, giri\u015f yapma y\u00f6nteminiz (taray\u0131c\u0131 arac\u0131l\u0131\u011f\u0131yla),<\/li>\n<\/ul>\n\n\n\n<p>3- Ki\u015fisel verilerinizin i\u015flenmesinin hukuki sebepleri, ama\u00e7lar\u0131 ve toplama y\u00f6ntemleri nelerdir?<\/p>\n\n\n\n<p>Ki\u015fisel verileriniz, \u015eirketimiz taraf\u0131ndan tamamen veya k\u0131smen otomatik olan ya da herhangi bir veri kay\u0131t sisteminin par\u00e7as\u0131 olmak kayd\u0131yla otomatik olmayan yollarla, \u00fcyelik s\u00f6zle\u015fmemiz kapsam\u0131nda \u015eirketimize ait yararland\u0131\u011f\u0131n\u0131z Platform Hizmeti\u2019nin yer ald\u0131\u011f\u0131 mobil uygulama ya da internet siteleri \u00fczerinden elektronik ortamda; e-posta kanallar\u0131yla ileti\u015fime ge\u00e7ti\u011finizde ise ileti\u015fime ge\u00e7ti\u011finiz kanal vas\u0131tas\u0131yla elektronik ortamda ve \u015eirketimize matbu formlar, tebligat, posta yoluyla iletilmesi veya yasal merciler taraf\u0131ndan tebli\u011f edilmesi halinde fiziki ortamda toplanmaktad\u0131r. \u0130\u015flenen ki\u015fisel verileriniz, i\u015flenme ama\u00e7lar\u0131 ve hukuki sebeplerine a\u015fa\u011f\u0131da yer verilmi\u015ftir.<\/p>\n\n\n\n<p>3.1 \u00dcyelik ve Hesap Olu\u015fturma S\u00fcreci:<\/p>\n\n\n\n<p>Bu kategoride i\u015flenen ki\u015fisel verileriniz:&nbsp;Kullan\u0131c\u0131 hesap bilgileriniz, e-posta adresiniz, telefon numaran\u0131z ve adres bilgileriniz.<\/p>\n\n\n\n<p>Ama\u00e7lar:<\/p>\n\n\n\n<ul class=\"wp-block-list\">\n<li>\u00dcyelik s\u00f6zle\u015fmesinin kurulmas\u0131 ve ifas\u0131na y\u00f6nelik s\u00fcre\u00e7lerin y\u00fcr\u00fct\u00fclmesi,<\/li>\n\n\n\n<li>Platform \u00fcye profilinin\/hesab\u0131n olu\u015fturulmas\u0131 ve kapat\u0131lmas\u0131 s\u00fcre\u00e7lerinin y\u00f6netilmesi,<\/li>\n\n\n\n<li>\u0130leti\u015fim bilgilerinin do\u011frulanmas\u0131,<\/li>\n\n\n\n<li>Platform vas\u0131tas\u0131yla sat\u0131n al\u0131m i\u015flemlerinizin ger\u00e7ekle\u015ftirilmesine y\u00f6nelik faaliyetlerin y\u00fcr\u00fct\u00fclmesi,<\/li>\n\n\n\n<li>\u015eirket\u2019in i\u015f faaliyetlerinin y\u00fcr\u00fct\u00fclmesi ve denetimi,<\/li>\n\n\n\n<li>Platform operasyonlar\u0131n\u0131n g\u00fcvenli\u011finin sa\u011flanmas\u0131,<\/li>\n\n\n\n<li>6563 Elektronik Ticaretin D\u00fczenlenmesi Hakk\u0131nda Kanun, 6102 Say\u0131l\u0131 T\u00fcrk Ticaret Kanunu, 5237 Say\u0131l\u0131 T\u00fcrk Ceza Kanunu ve 6502 say\u0131l\u0131 T\u00fcketicinin Korunmas\u0131 Hakk\u0131nda Kanun ba\u015fta olmak \u00fczere \u015eirketimizin tabi oldu\u011fu mevzuattan kaynaklanan y\u00fck\u00fcml\u00fcl\u00fcklerin yerine getirilmesi,<\/li>\n\n\n\n<li>Platform faaliyetlerinin mevzuata uygun olarak y\u00fcr\u00fct\u00fclmesi,<\/li>\n\n\n\n<li>Mevzuattan kaynaklanan y\u00fck\u00fcml\u00fcl\u00fcklerimiz uyar\u0131nca \u015eirketimiz taraf\u0131ndan veri payla\u015f\u0131m\u0131 ve muhafazas\u0131 y\u00fck\u00fcml\u00fcl\u00fcklerinin yerine getirilmesi.<\/li>\n<\/ul>\n\n\n\n<p>Hukuki Sebepler:&nbsp;Kanunlarda a\u00e7\u0131k\u00e7a \u00f6ng\u00f6r\u00fclm\u00fc\u015f olmas\u0131, \u015eirketimizin hukuki y\u00fck\u00fcml\u00fcl\u00fcklerinin yerine getirilmesi i\u00e7in zorunlu olmas\u0131, sizinle aram\u0131zdaki \u00fcyelik&nbsp;s\u00f6zle\u015fmemizin&nbsp;ifas\u0131 i\u00e7in gerekli olmas\u0131.<\/p>\n\n\n\n<p>Platform Hizmetleri\u2019nden Misafir \u00fcye olarak yararlanman\u0131z halinde i\u015flenen ki\u015fisel verileriniz e-posta adresiniz, telefon numaran\u0131z ve adresinizdir.<\/p>\n\n\n\n<p>3.2 Sipari\u015f, Teslimat ve \u0130ptal\/\u0130ade S\u00fcre\u00e7leri:<\/p>\n\n\n\n<p>Bu kategoride i\u015flenen ki\u015fisel verileriniz:&nbsp;Kullan\u0131c\u0131 hesap bilgileriniz, adresiniz, e-posta adresiniz, telefon numaran\u0131z, \u00f6deme bilgileriniz, i\u015flem g\u00fcvenli\u011fi bilgileriniz.<\/p>\n\n\n\n<p>Ama\u00e7lar:<\/p>\n\n\n\n<ul class=\"wp-block-list\">\n<li>Sipari\u015fin verilmesi ve sipari\u015f olu\u015fturulmas\u0131,<\/li>\n\n\n\n<li>Mesafeli sat\u0131\u015f s\u00f6zle\u015fmesinin kurulmas\u0131 ve ifas\u0131n\u0131n sa\u011flanmas\u0131,<\/li>\n\n\n\n<li>Teslimat ve lojistik faaliyetlerin y\u00fcr\u00fct\u00fclmesi,<\/li>\n\n\n\n<li>\u0130ptal\/iade s\u00fcre\u00e7lerinin y\u00fcr\u00fct\u00fclmesi,<\/li>\n\n\n\n<li>\u00d6deme ve fatura s\u00fcre\u00e7lerinin y\u00fcr\u00fct\u00fclmesi,<\/li>\n\n\n\n<li>Mesafeli S\u00f6zle\u015fmeler Y\u00f6netmeli\u011fi ve Elektronik Ticarette Hizmet Sa\u011flay\u0131c\u0131 ve Arac\u0131 Hizmet Sa\u011flay\u0131c\u0131lar Hakk\u0131nda Y\u00f6netmelik ba\u015fta olmak \u00fczere \u015eirketimizin tabii oldu\u011fu mevzuatta yer alan ve\/veya yetkili merciler taraf\u0131ndan yay\u0131nlanan karar, k\u0131lavuz ve rehberlerde belirtilen hukuki y\u00fck\u00fcml\u00fcl\u00fcklerin yerine getirilmesi,<\/li>\n\n\n\n<li>Platform\u2019da\u00a0yer alan \u00fcr\u00fcn\/hizmet gruplar\u0131n\u0131n sat\u0131n\u00a0al\u0131m\u0131\u00a0s\u00fcre\u00e7lerinin y\u00fcr\u00fct\u00fclmesi.<\/li>\n<\/ul>\n\n\n\n<p>Hukuki Sebepler:&nbsp;\u015eirketimizin hukuki y\u00fck\u00fcml\u00fcl\u00fcklerinin yerine getirilmesi i\u00e7in zorunlu olmas\u0131, sizinle aram\u0131zdaki \u00fcyelik&nbsp;s\u00f6zle\u015fmemizin&nbsp;ifas\u0131 i\u00e7in gerekli olmas\u0131.<\/p>\n\n\n\n<p>3.3 M\u00fc\u015fteri Deneyiminin \u0130yile\u015ftirilmesi S\u00fcre\u00e7leri:<\/p>\n\n\n\n<p>Bu kategoride i\u015flenen ki\u015fisel verileriniz:&nbsp;Kullan\u0131c\u0131 hesap bilgileriniz, m\u00fc\u015fteri i\u015flem bilgileriniz, e-posta adresiniz, telefon numaran\u0131z, adresiniz, i\u015flem g\u00fcvenli\u011fi bilgileriniz.<\/p>\n\n\n\n<p>Ama\u00e7lar:<\/p>\n\n\n\n<ul class=\"wp-block-list\">\n<li>Tercihlerinize ve ilgi alanlar\u0131n\u0131za uygun olan \u00fcr\u00fcnlere h\u0131zl\u0131 ve kolay ula\u015fabilmenizin sa\u011flanmas\u0131,<\/li>\n\n\n\n<li>\u015eirketimize ait Platform Hizmetleri aras\u0131ndaki servis ge\u00e7i\u015flerinde daha iyi bir kullan\u0131c\u0131 deneyiminin sa\u011flanmas\u0131,<\/li>\n\n\n\n<li>Kullan\u0131c\u0131 deneyimizin geli\u015ftirilmesi ve iyile\u015ftirilmesi,<\/li>\n\n\n\n<li>Hizmet kalitemizin iyile\u015ftirilmesi,<\/li>\n\n\n\n<li>Analiz ve raporlama \u00e7al\u0131\u015fmalar\u0131n\u0131n yap\u0131lmas\u0131,<\/li>\n\n\n\n<li>\u0130leti\u015fim faaliyetlerinin y\u00fcr\u00fct\u00fclmesi,<\/li>\n\n\n\n<li>\u00dcr\u00fcn ve\u00a0hizmetlerimize\u00a0ili\u015fkin talep, \u015fik\u00e2yet ve \u00f6nerilerin de\u011ferlendirilmesi,<\/li>\n\n\n\n<li>Mal ve hizmet sat\u0131\u015f sonras\u0131 destek hizmetlerinin y\u00fcr\u00fct\u00fclmesi.<\/li>\n<\/ul>\n\n\n\n<p>Hukuki Sebepler:&nbsp;Sizinle aram\u0131zdaki \u00fcyelik&nbsp;s\u00f6zle\u015fmemizin&nbsp;ifas\u0131 i\u00e7in gerekli olmas\u0131, \u015eirketimizin me\u015fru menfaatleri i\u00e7in veri i\u015flenmesinin zorunlu olmas\u0131.<\/p>\n\n\n\n<p>4- \u015eirket ki\u015fisel verilerinizi kimlere hangi sebeplerle aktar\u0131yor?<\/p>\n\n\n\n<p>\u015eirketimiz, ki\u015fisel verilerinizi &#8220;bilme gere\u011fi&#8221; ve &#8220;kullanma gere\u011fi&#8221; ilkelerine uygun olarak, gerekli veri minimizasyonunu sa\u011flayarak ve gerekli teknik ve idari g\u00fcvenlik tedbirlerini alarak i\u015flemeye \u00f6zen g\u00f6stermektedir.<\/p>\n\n\n\n<p>\u015eirketimiz taraf\u0131ndan, ki\u015fisel verileriniz yurt i\u00e7inde KVKK\u2019n\u0131n 8. maddesi uyar\u0131nca \u201cKanunlarda a\u00e7\u0131k\u00e7a \u00f6ng\u00f6r\u00fclmesi, \u015eirketimizin hukuki y\u00fck\u00fcml\u00fcl\u00fcklerinin yerine getirebilmesi i\u00e7in zorunlu olmas\u0131, s\u00f6zle\u015fmenin kurulmas\u0131 veya ifas\u0131 i\u00e7in gerekli olmas\u0131, \u200b\u200bbir hakk\u0131n tesisi, kullan\u0131lmas\u0131 veya korunmas\u0131 i\u00e7in veri i\u015flemenin zorunlu olmas\u0131 ve\/veya \u015eirketimizin me\u015fru menfaati i\u00e7in zorunlu olmas\u0131\u201d hukuki sebeplerine dayan\u0131larak&nbsp;a\u015fa\u011f\u0131da detayl\u0131ca belirtilen al\u0131c\u0131 gruplar\u0131 ile payla\u015f\u0131lmaktad\u0131r.<\/p>\n\n\n\n<p>4.1. \u00dcyelik ve Hesap Olu\u015fturma S\u00fcreci:<\/p>\n\n\n\n<p>S\u00f6zle\u015fmesel ili\u015fkimiz uyar\u0131nca Platform\u2019a ili\u015fkin ald\u0131\u011f\u0131m\u0131z hizmetler kapsam\u0131nda Platform Hizmetleri\u2019nden faydalanman\u0131z\u0131n sa\u011flanmas\u0131, \u00fcyelik s\u00f6zle\u015fmesinin kurulmas\u0131 ve ifas\u0131 ama\u00e7lar\u0131yla ki\u015fisel verileriniz&nbsp;i\u015ftiraklerimizle ve tedarik\u00e7ilerimizle,<\/p>\n\n\n\n<p>Ama\u00e7lar:<\/p>\n\n\n\n<ul class=\"wp-block-list\">\n<li>Platform operasyonlar\u0131n\u0131n y\u00fcr\u00fct\u00fclmesi, bili\u015fim, teknoloji ve yaz\u0131l\u0131m hizmetlerinin al\u0131nmas\u0131 amac\u0131yla\u00a0bili\u015fim altyap\u0131m\u0131z\u0131 sa\u011flayan, i\u015fleten veya hizmet sunan i\u015ftiraklerimizle, grup \u015firketlerimizle, i\u015f ortaklar\u0131m\u0131zla ve hizmet sa\u011flay\u0131c\u0131lar\u0131m\u0131zla ve tedarik\u00e7ilerimizle payla\u015f\u0131lmaktad\u0131r.<\/li>\n<\/ul>\n\n\n\n<p>Hukuki Sebepler:&nbsp;S\u00f6zle\u015fmenin kurulmas\u0131 veya ifas\u0131 i\u00e7in gerekli olmas\u0131, Standart s\u00f6zle\u015fmeyle uygun g\u00fcvencenin sa\u011flanmas\u0131.<\/p>\n\n\n\n<p>4.2. Sipari\u015f, Teslimat ve \u0130ptal\/\u0130ade S\u00fcre\u00e7leri:<\/p>\n\n\n\n<p>Platform Hizmetleri\u2019nden faydalanman\u0131z\u0131n sa\u011flanmas\u0131, sat\u0131n al\u0131m ve faturaland\u0131rma s\u00fcre\u00e7lerinin y\u00fcr\u00fct\u00fclmesi, \u015eirketimizin tabi oldu\u011fu mevzuattan kaynaklanan y\u00fck\u00fcml\u00fcl\u00fcklerin yerine getirilmesi ama\u00e7lar\u0131yla&nbsp;sat\u0131n almak istedi\u011finiz \u00fcr\u00fcn\u00fcn hizmet sa\u011flay\u0131c\u0131s\u0131yla,<\/p>\n\n\n\n<p>Ama\u00e7lar:<\/p>\n\n\n\n<ul class=\"wp-block-list\">\n<li>Lojistik faaliyetlerin y\u00fcr\u00fct\u00fclmesi ve teslimat s\u00fcre\u00e7lerinin takibinin yap\u0131lmas\u0131 amac\u0131yla\u00a0\u00fcr\u00fcn sat\u0131c\u0131s\u0131, kargo firmalar\u0131, \u00f6zel kuryelerle,<\/li>\n\n\n\n<li>\u00d6deme s\u00fcre\u00e7lerinizin y\u00fcr\u00fct\u00fclmesi ve takibi amac\u0131yla anla\u015fmal\u0131 oldu\u011fumuz\u00a0bankalarla ve di\u011fer \u00f6deme kurulu\u015flar\u0131yla,\u00a0<\/li>\n\n\n\n<li>Sat\u0131n ald\u0131\u011f\u0131n\u0131z \u00fcr\u00fcn\u00fcn teslimat\u0131 gibi hususlarda taraf\u0131n\u0131za bilgi vermek amac\u0131yla\u00a0toplu SMS \/ e-posta g\u00f6nderimine ili\u015fkin hizmet al\u0131nan i\u015f ortaklar\u0131m\u0131zla,<\/li>\n<\/ul>\n\n\n\n<p>Hukuki sebepler:&nbsp;\u015eirketimizin hukuki y\u00fck\u00fcml\u00fcl\u00fcklerinin yerine getirilmesi, S\u00f6zle\u015fmenin kurulmas\u0131 veya ifas\u0131 i\u00e7in gerekli&nbsp;olmas\u0131, Standart s\u00f6zle\u015fme ile uygun g\u00fcvencenin sa\u011flanmas\u0131.<\/p>\n\n\n\n<p>4.3. \u015eirketin bilgi g\u00fcvenli\u011fi, risk, denetim ve kontrol s\u00fcre\u00e7leri:<\/p>\n\n\n\n<p>Faturaland\u0131rma s\u00fcre\u00e7lerinin y\u00fcr\u00fct\u00fclmesi, m\u00fc\u015fteriye e-faturan\u0131n elektronik olarak g\u00f6nderilmesi, fiziki s\u00f6zle\u015fme veya fatura teslimat\u0131 yap\u0131lmas\u0131, finansal ve muhasebe s\u00fcre\u00e7lerinin y\u00f6netimi, risklerin tespiti, de\u011ferlendirilmesi, doland\u0131r\u0131c\u0131l\u0131klar\u0131n \u00f6nlenmesi ama\u00e7lar\u0131yla&nbsp;i\u015f ortaklar\u0131m\u0131z, dan\u0131\u015fmanlar\u0131m\u0131z ve hizmet&nbsp;sa\u011flay\u0131c\u0131lar\u0131m\u0131z, bankalar, e-fatura i\u015f orta\u011f\u0131, kargo ve kurye firmalar\u0131, mali m\u00fc\u015favir\/muhasebe hizmeti sunan i\u015f ortaklar\u0131m\u0131zla,<\/p>\n\n\n\n<p>Ama\u00e7lar:<\/p>\n\n\n\n<ul class=\"wp-block-list\">\n<li>\u015eirket operasyonlar\u0131n\u0131n g\u00fcvenli\u011finin sa\u011flanmas\u0131, \u015eirketimizin sundu\u011fu \u00fcr\u00fcn ve hizmetlerin kalitesinin kontrol\u00fc ve iyile\u015ftirilmesi ve risk tespiti ve analizlerinin yap\u0131lmas\u0131 ama\u00e7lar\u0131yla\u00a0ba\u011f\u0131ms\u0131z denetim, mali m\u00fc\u015favir\/muhasebe hizmeti sunan i\u015f ortaklar\u0131m\u0131zla, i\u015ftiraklerimiz, teknoloji \u015firketleriyle, i\u015f ortaklar\u0131m\u0131z ve hizmet sa\u011flayan tedarik\u00e7ilerimizle,<\/li>\n<\/ul>\n\n\n\n<p>Hukuki sebepler:&nbsp;\u015eirketimizin hukuki y\u00fck\u00fcml\u00fcl\u00fcklerinin yerine getirilmesi, S\u00f6zle\u015fmenin kurulmas\u0131 veya ifas\u0131 i\u00e7in gerekli olmas\u0131, \u200b\u200b\u015eirketimizin me\u015fru menfaati i\u00e7in zorunlu olmas\u0131.<\/p>\n\n\n\n<p>4.4. Hukuki \u0130\u015flemlerin Y\u00fcr\u00fct\u00fclmesi S\u00fcreci:<\/p>\n\n\n\n<p>\u015eirketimizin tabi oldu\u011fu mevzuattan kaynaklanan y\u00fck\u00fcml\u00fcl\u00fcklerin yerine getirilmesi ve Platform faaliyetlerinin mevzuata uygun olarak y\u00fcr\u00fct\u00fclmesi, yetkili ki\u015fi, kurum ve kurulu\u015flara bilgi verilmesi, hukuk i\u015flerinin takibi ve y\u00fcr\u00fct\u00fclmesi, hukuki bir ihtilaf olmas\u0131 halinde bir hakk\u0131n kullan\u0131lmas\u0131 ve korunmas\u0131 ama\u00e7lar\u0131yla&nbsp;d\u00fczenleyici ve denetleyici kurumlar ile mahkeme ve icra m\u00fcd\u00fcrl\u00fckleri, arabulucular gibi yetkili kamu kurum ve kurulu\u015flar\u0131yla,<\/p>\n\n\n\n<p>Ama\u00e7lar:<\/p>\n\n\n\n<ul class=\"wp-block-list\">\n<li>\u015eirketimizin denetim faaliyetlerinin y\u00fcr\u00fct\u00fclmesi, hukuki dan\u0131\u015fmanl\u0131k s\u00fcre\u00e7lerinin y\u00fcr\u00fct\u00fclmesi, \u015firket operasyonlar\u0131n\u0131n g\u00fcvenli\u011finin sa\u011flanmas\u0131, \u015f\u00fcpheli i\u015flemlere y\u00f6nelik inceleme yap\u0131lmas\u0131 ama\u00e7lar\u0131yla\u00a0avukatlar, denet\u00e7iler, vergi dan\u0131\u015fmanlar\u0131, adli bili\u015fim uzmanlar\u0131, siber g\u00fcvenlik dan\u0131\u015fmanlar\u0131, vergi dan\u0131\u015fmanlar\u0131, topluluk \u015firketlerimiz, i\u015ftiraklerimiz, dan\u0131\u015fmanl\u0131k ve hizmet ald\u0131\u011f\u0131m\u0131z di\u011fer \u00fc\u00e7\u00fcnc\u00fc ki\u015filer ve i\u015f ortaklar\u0131yla,<\/li>\n<\/ul>\n\n\n\n<p>Hukuki sebepler:&nbsp;Kanunlarda a\u00e7\u0131k\u00e7a \u00f6ng\u00f6r\u00fclm\u00fc\u015f olmas\u0131, \u015eirketimizin hukuki y\u00fck\u00fcml\u00fcl\u00fcklerinin yerine getirilmesi, Bir hakk\u0131n tesisi, kullan\u0131lmas\u0131 veya korunmas\u0131 i\u00e7in i\u015flenmesi, S\u00f6zle\u015fmenin kurulmas\u0131 veya ifas\u0131 i\u00e7in gerekli olmas\u0131, Ar\u0131zi&nbsp;olmak kayd\u0131yla KVKK\u2019n\u0131n 9.maddesinin 6. F\u0131kras\u0131nda d\u00fczenlenen hallerden birinin varl\u0131\u011f\u0131.<\/p>\n\n\n\n<p>5-&nbsp;\u015eirket Ki\u015fisel Verilerinizi Nas\u0131l Koruyor?<\/p>\n\n\n\n<p>\u015eirketimiz ile payla\u015f\u0131lan ki\u015fisel veriler, \u015eirket g\u00f6zetimi ve kontrol\u00fc alt\u0131ndad\u0131r. \u015eirket, y\u00fcr\u00fcrl\u00fckteki ilgili mevzuat h\u00fck\u00fcmleri gere\u011fince bilginin gizlili\u011finin ve b\u00fct\u00fcnl\u00fc\u011f\u00fcn\u00fcn korunmas\u0131 amac\u0131yla gerekli organizasyonu kurmak ve teknik \u00f6nlemleri almak ve uyarlamak konusunda veri sorumlusu s\u0131fat\u0131yla sorumlulu\u011fu \u00fcstlenmi\u015ftir. Bu konudaki y\u00fck\u00fcml\u00fcl\u00fc\u011f\u00fcm\u00fcz\u00fcn bilincinde olarak;<\/p>\n\n\n\n<ul class=\"wp-block-list\">\n<li>Web sitesi, mobil site ve mobil uygulama arac\u0131l\u0131\u011f\u0131yla \u015eirket&#8217;e iletti\u011finiz ki\u015fisel verileriniz SSL (Secure Sockets Layer) teknolojisi kullan\u0131larak korunmaktad\u0131r.<\/li>\n\n\n\n<li>Ki\u015fisel veri i\u015fleme faaliyetlerine ili\u015fkin d\u00fczenli olarak risk analizleri yap\u0131lmakta ve risklerin azalt\u0131lmas\u0131 i\u00e7in aksiyonlar al\u0131nmaktad\u0131r.<\/li>\n\n\n\n<li>Ki\u015fisel verilere yetkisiz eri\u015fimleri engellemek i\u00e7in eri\u015fim ve yetki kontrolleri uygulanmaktad\u0131r.<\/li>\n<\/ul>\n\n\n\n<p>Veri i\u015fleme politikalar\u0131 d\u00fczenli aral\u0131klarla g\u00fcncellenmektedir.<\/p>\n\n\n\n<p>6- Ki\u015fisel Verilerinizin Korunmas\u0131na Y\u00f6nelik Haklar\u0131n\u0131z<\/p>\n\n\n\n<p>Bu ayd\u0131nlatma metninin &#8220;Hak ve Talepleriniz \u0130\u00e7in \u0130leti\u015fim&#8221; b\u00f6l\u00fcm\u00fcnde yer alan y\u00f6ntemlerle \u015eirketimize ba\u015fvurarak,<\/p>\n\n\n\n<ul class=\"wp-block-list\">\n<li>Ki\u015fisel verilerinizin i\u015flenip i\u015flenmedi\u011fini \u00f6\u011frenme,<\/li>\n\n\n\n<li>\u0130\u015flenmi\u015fse buna ili\u015fkin bilgi talep etme,<\/li>\n\n\n\n<li>Ki\u015fisel verilerinizin i\u015flenme amac\u0131n\u0131 ve bunlar\u0131n amac\u0131na uygun kullan\u0131l\u0131p kullan\u0131lmad\u0131\u011f\u0131n\u0131 \u00f6\u011frenme,<\/li>\n\n\n\n<li>Yurt i\u00e7inde veya yurt d\u0131\u015f\u0131nda aktar\u0131ld\u0131\u011f\u0131 \u00fc\u00e7\u00fcnc\u00fc ki\u015fileri bilme,<\/li>\n\n\n\n<li>Ki\u015fisel verilerin eksik veya yanl\u0131\u015f i\u015flenmi\u015f olmas\u0131 halinde bunlar\u0131n d\u00fczeltilmesini isteme,<\/li>\n\n\n\n<li>KVKK&#8217;da \u00f6ng\u00f6r\u00fclen \u015fartlar \u00e7er\u00e7evesinde ki\u015fisel verilerinizin silinmesini veya yok edilmesini isteme,<\/li>\n\n\n\n<li>Yukar\u0131da belirtilen d\u00fczeltme, silinme ve yok edilme \u015feklindeki haklar\u0131n\u0131z uyar\u0131nca yap\u0131lan i\u015flemlerin, ki\u015fisel verilerin aktar\u0131ld\u0131\u011f\u0131 \u00fc\u00e7\u00fcnc\u00fc ki\u015filere bildirilmesini isteme,<\/li>\n\n\n\n<li>\u0130\u015flenen ki\u015fisel verilerinizin m\u00fcnhas\u0131ran otomatik sistemler ile analiz edilmesi sureti ile aleyhinize bir sonucun ortaya \u00e7\u0131kmas\u0131na itiraz etme,<\/li>\n<\/ul>\n\n\n\n<p>Ki\u015fisel verilerinizin ilgili mevzuata ayk\u0131r\u0131 olarak i\u015flenmesi sebebiyle zarara u\u011framan\u0131z h\u00e2linde zarar\u0131n\u0131z\u0131n giderilmesini talep etme haklar\u0131na sahipsiniz.<\/p>\n\n\n\n<p>7- Hak ve Talepleriniz \u0130\u00e7in \u0130leti\u015fim<\/p>\n\n\n\n<p>Ki\u015fisel verilerinizle ilgili sorular\u0131n\u0131z\u0131 ve taleplerinizi, Veri Sorumlusuna Ba\u015fvuru Usul ve Esaslar\u0131 hakk\u0131nda Tebli\u011f&#8217;de belirtilen \u015fartlara uygun d\u00fczenlenmi\u015f dilek\u00e7eyle ya da &#8220;Bernardini Organizasyon Dan\u0131\u015fmanl\u0131k ve D\u0131\u015f Ticaret Limited \u015eirketi&nbsp;Ba\u015fvuru Formu&#8221; ile a\u015fa\u011f\u0131daki y\u00f6ntemlerle iletebilirsiniz. Ba\u015fvuru formuna ula\u015fabilirsiniz.<\/p>\n\n\n\n<figure class=\"wp-block-table\"><table class=\"has-fixed-layout\"><tbody><tr><td>Ba\u015fvuru Y\u00f6ntemi<\/td><td>Ba\u015fvurunun Yap\u0131laca\u011f\u0131 Adres<\/td><\/tr><tr><td>\u015eahsen Yaz\u0131l\u0131 Ba\u015fvuru**<\/td><td>Seyrantepe Mah. K\u00e2tip Sok. No:18\/C Ka\u011f\u0131thane \u0130stanbul<\/td><\/tr><tr><td>Noter<\/td><td>Seyrantepe Mah. K\u00e2tip Sok. No:18\/C Ka\u011f\u0131thane \u0130stanbul<\/td><\/tr><tr><td>G\u00fcvenli Elektronik \u0130mza veya Mobil \u0130mza \u0130le \u0130mzalanarak Kay\u0131tl\u0131 Elektronik Posta (KEP)<\/td><td>KEP ADRES\u0130 ALINMASI GEREKMEKTED\u0130R<\/td><\/tr><tr><td>\u015eirketimize daha \u00f6nce bildirilen ve sistemde kay\u0131tl\u0131 bulunan elektronik posta adresinizden<\/td><td><a href=\"mailto:kvkk@bernardini.com\">kvkk@bernardini.com<\/a>&nbsp;\u015eEKL\u0130NDE KVKK MA\u0130L ADRES\u0130 KULLANIMA A\u00c7ILMALIDIR.<\/td><\/tr><\/tbody><\/table><\/figure>\n\n\n\n<p>*Ba\u015fvuru formunun tebligat zarf\u0131na veya e-postan\u0131n konu k\u0131sm\u0131na &#8220;Ki\u015fisel Verilerin Korunmas\u0131 Kanunu \u0130lgili Ki\u015fi Talebi&#8221; yaz\u0131lmas\u0131n\u0131 rica ederiz.<\/p>\n\n\n\n<p>**&#8221;\u015eahsen Yaz\u0131l\u0131 Ba\u015fvuru&#8221; yoluna ba\u015fvuracak \u0130lgili Ki\u015filerin kimli\u011fini tevsik edici belgeleri ibraz etmesi zorunludur. Bu ba\u011flamda Seyrantepe Mah. K\u00e2tip Sok. No:18\/C Ka\u011f\u0131thane \u0130stanbul&nbsp;adresine yapaca\u011f\u0131n\u0131z \u015fahsen yaz\u0131l\u0131 ba\u015fvurularda ba\u015fvuru formuyla birlikte kimlik fotokopisinin yaln\u0131zca \u00f6n y\u00fcz\u00fcn\u00fcn (kan grubu ve din hanesi g\u00f6z\u00fckmeyecek \u015fekilde) ibraz edilmesini rica ederiz.&nbsp;Ki\u015fisel veri sahipleri olarak, haklar\u0131n\u0131za ili\u015fkin taleplerinizi, \u015eirket\u2019e iletmeniz durumunda \u015eirket talebinizi en ge\u00e7 30 (otuz) g\u00fcn i\u00e7inde \u00fccretsiz olarak sonu\u00e7land\u0131racakt\u0131r. Ancak, ba\u015fvurunuza verilecek yan\u0131t\u0131n mevzuat uyar\u0131nca bir maliyet gerektirmesi halinde \u015eirket taraf\u0131ndan Ki\u015fisel Verileri Koruma Kurulu taraf\u0131ndan belirlenen tarifedeki \u00fccret talep edilebilecektir.<\/p>\n\n\n\n<p><\/p>","protected":false},"excerpt":{"rendered":"<p>BERNARD\u0130N\u0130 ORGAN\u0130ZASYON DANI\u015eMANLIK VE DI\u015e T\u0130CARET L\u0130M\u0130TED \u015e\u0130RKET\u0130&nbsp;K\u0130\u015e\u0130SEL VER\u0130LER\u0130N KORUNMASINA \u0130L\u0130\u015eK\u0130N AYDINLATMA METN\u0130 1- Giri\u015f Bernardini Organizasyon Dan\u0131\u015fmanl\u0131k ve D\u0131\u015f<\/p>","protected":false},"author":1,"featured_media":0,"parent":0,"menu_order":0,"comment_status":"closed","ping_status":"closed","template":"","meta":{"footnotes":""},"class_list":["post-3","page","type-page","status-publish","hentry"],"_links":{"self":[{"href":"https:\/\/batchartisandrinks.com\/en\/wp-json\/wp\/v2\/pages\/3","targetHints":{"allow":["GET"]}}],"collection":[{"href":"https:\/\/batchartisandrinks.com\/en\/wp-json\/wp\/v2\/pages"}],"about":[{"href":"https:\/\/batchartisandrinks.com\/en\/wp-json\/wp\/v2\/types\/page"}],"author":[{"embeddable":true,"href":"https:\/\/batchartisandrinks.com\/en\/wp-json\/wp\/v2\/users\/1"}],"replies":[{"embeddable":true,"href":"https:\/\/batchartisandrinks.com\/en\/wp-json\/wp\/v2\/comments?post=3"}],"version-history":[{"count":3,"href":"https:\/\/batchartisandrinks.com\/en\/wp-json\/wp\/v2\/pages\/3\/revisions"}],"predecessor-version":[{"id":29361,"href":"https:\/\/batchartisandrinks.com\/en\/wp-json\/wp\/v2\/pages\/3\/revisions\/29361"}],"wp:attachment":[{"href":"https:\/\/batchartisandrinks.com\/en\/wp-json\/wp\/v2\/media?parent=3"}],"curies":[{"name":"wp","href":"https:\/\/api.w.org\/{rel}","templated":true}]}}