{"id":29368,"date":"2025-08-30T06:41:16","date_gmt":"2025-08-30T06:41:16","guid":{"rendered":"https:\/\/batchartisandrinks.com\/?page_id=29368"},"modified":"2025-08-30T06:41:17","modified_gmt":"2025-08-30T06:41:17","slug":"kullanim-kosullari","status":"publish","type":"page","link":"https:\/\/batchartisandrinks.com\/en\/kullanim-kosullari\/","title":{"rendered":"Terms Of Use"},"content":{"rendered":"<p><strong>KULLANIM KO\u015eULLARI<\/strong><strong><\/strong><\/p>\n\n\n\n<p>Bu internet sitesine girmeniz veya bu internet sitesindeki herhangi bir bilgiyi kullanman\u0131z a\u015fa\u011f\u0131daki ko\u015fullar\u0131 kabul etti\u011finiz anlam\u0131na gelir.<\/p>\n\n\n\n<ul class=\"wp-block-list\">\n<li>Bu internet sitesine girilmesi, sitenin ya da sitedeki bilgilerin ve di\u011fer verilerin programlar\u0131n vs. kullan\u0131lmas\u0131 sebebiyle, s\u00f6zle\u015fmenin ihlali, haks\u0131z fiil, ya da ba\u015fkaca sebeplere binaen, do\u011fabilecek do\u011frudan ya da dolayl\u0131 hi\u00e7bir zarardan Bernardini Organizasyon Dan\u0131\u015fmanl\u0131k ve D\u0131\u015f Ticaret Limited \u015eirketi (\u201c\u015eirket\u201d olarak an\u0131lacakt\u0131r) sorumlu de\u011fildir. \u015eirket, s\u00f6zle\u015fmenin ihlali, haks\u0131z fiil, ihmal veya di\u011fer sebepler neticesinde; i\u015flemin kesintiye u\u011framas\u0131, hata, ihmal, kesinti hususunda herhangi bir sorumluluk kabul etmez.<\/li>\n\n\n\n<li>\u015eirket i\u015fbu site ve site uzant\u0131s\u0131nda mevcut her t\u00fcr hizmet, \u00fcr\u00fcn, siteyi kullanma ko\u015fullar\u0131 ile sitede sunulan bilgileri \u00f6nceden bir ihtara gerek olmaks\u0131z\u0131n de\u011fi\u015ftirme, siteyi yeniden organize etme, yay\u0131n\u0131 durdurma hakk\u0131n\u0131 sakl\u0131 tutar. De\u011fi\u015fiklikler sitede yay\u0131m an\u0131nda y\u00fcr\u00fcrl\u00fc\u011fe girer. Sitenin kullan\u0131m\u0131 ya da siteye giri\u015f ile bu de\u011fi\u015fiklikler de kabul edilmi\u015f say\u0131l\u0131r. Bu ko\u015fullar link verilen di\u011fer web sayfalar\u0131 i\u00e7in de ge\u00e7erlidir.<\/li>\n\n\n\n<li>\u015eirket, s\u00f6zle\u015fmenin ihlali, haks\u0131z fiil, ihmal veya di\u011fer sebepler neticesinde; i\u015flemin kesintiye u\u011framas\u0131, hata, ihmal, kesinti, silinme, kay\u0131p, i\u015flemin veya ileti\u015fimin gecikmesi, bilgisayar vir\u00fcs\u00fc, ileti\u015fim hatas\u0131, h\u0131rs\u0131zl\u0131k, imha veya izinsiz olarak kay\u0131tlara girilmesi, de\u011fi\u015ftirilmesi veya kullan\u0131lmas\u0131 hususunda herhangi bir sorumluluk kabul etmez.<\/li>\n\n\n\n<li>Bu internet sitesi \u015eirket&#8217;in kontrol\u00fc alt\u0131nda olmayan ba\u015fka internet sitelerine ba\u011flant\u0131 veya referans i\u00e7erebilir. \u015eirket, bu sitelerin i\u00e7erikleri veya i\u00e7erdikleri di\u011fer ba\u011flant\u0131lardan sorumlu de\u011fildir.<\/li>\n\n\n\n<li>\u015eirket bu internet sitesinin genel g\u00f6r\u00fcn\u00fcm ve tasar\u0131m\u0131 ile internet sitesindeki t\u00fcm bilgi, resim, markas\u0131, logo, yaz\u0131l\u0131, elektronik, grafik veya makinede okunabilir \u015fekilde sunulan teknik veriler, bilgisayar yaz\u0131l\u0131mlar\u0131, uygulanan sat\u0131\u015f sistemi, i\u015f metodu ve i\u015f modeli de dahil t\u00fcm materyallerin (&#8220;Materyaller&#8221;) ve bunlara ili\u015fkin fikri ve s\u0131nai m\u00fclkiyet haklar\u0131n\u0131n sahibi veya lisans sahibidir ve yasal koruma alt\u0131ndad\u0131r.<\/li>\n<\/ul>\n\n\n\n<p>\u015eirket, diledi\u011fi zaman bu yasal uyar\u0131 sayfas\u0131n\u0131n i\u00e7eri\u011fini g\u00fcncelleme yetkisini sakl\u0131 tutmaktad\u0131r ve kullan\u0131c\u0131lar\u0131na siteye her giri\u015fte yasal uyar\u0131 sayfas\u0131n\u0131 ziyaret etmelerini tavsiye etmektedir.<\/p>","protected":false},"excerpt":{"rendered":"<p>KULLANIM KO\u015eULLARI Bu internet sitesine girmeniz veya bu internet sitesindeki herhangi bir bilgiyi kullanman\u0131z a\u015fa\u011f\u0131daki ko\u015fullar\u0131 kabul etti\u011finiz anlam\u0131na gelir.<\/p>","protected":false},"author":3,"featured_media":0,"parent":0,"menu_order":0,"comment_status":"closed","ping_status":"closed","template":"","meta":{"footnotes":""},"class_list":["post-29368","page","type-page","status-publish","hentry"],"_links":{"self":[{"href":"https:\/\/batchartisandrinks.com\/en\/wp-json\/wp\/v2\/pages\/29368","targetHints":{"allow":["GET"]}}],"collection":[{"href":"https:\/\/batchartisandrinks.com\/en\/wp-json\/wp\/v2\/pages"}],"about":[{"href":"https:\/\/batchartisandrinks.com\/en\/wp-json\/wp\/v2\/types\/page"}],"author":[{"embeddable":true,"href":"https:\/\/batchartisandrinks.com\/en\/wp-json\/wp\/v2\/users\/3"}],"replies":[{"embeddable":true,"href":"https:\/\/batchartisandrinks.com\/en\/wp-json\/wp\/v2\/comments?post=29368"}],"version-history":[{"count":1,"href":"https:\/\/batchartisandrinks.com\/en\/wp-json\/wp\/v2\/pages\/29368\/revisions"}],"predecessor-version":[{"id":29369,"href":"https:\/\/batchartisandrinks.com\/en\/wp-json\/wp\/v2\/pages\/29368\/revisions\/29369"}],"wp:attachment":[{"href":"https:\/\/batchartisandrinks.com\/en\/wp-json\/wp\/v2\/media?parent=29368"}],"curies":[{"name":"wp","href":"https:\/\/api.w.org\/{rel}","templated":true}]}}