{"id":29365,"date":"2025-08-30T06:39:03","date_gmt":"2025-08-30T06:39:03","guid":{"rendered":"https:\/\/batchartisandrinks.com\/?page_id=29365"},"modified":"2025-08-30T06:39:03","modified_gmt":"2025-08-30T06:39:03","slug":"uyelik-sozlesmesi","status":"publish","type":"page","link":"https:\/\/batchartisandrinks.com\/en\/uyelik-sozlesmesi\/","title":{"rendered":"Membership Agreement"},"content":{"rendered":"<p><strong>\u00dcYEL\u0130K S\u00d6ZLE\u015eMES\u0130<\/strong><strong><\/strong><\/p>\n\n\n\n<p><strong>Taraflar<\/strong><strong><\/strong><\/p>\n\n\n\n<p>\u0130\u015fbu \u00fcyelik s\u00f6zle\u015fmesi,&nbsp;<a href=\"https:\/\/batchartisandrinks.com\/en\/\"><u>www.batchartisandrinks.com<\/u><\/a>&nbsp;(K\u0131saca &#8220;Site&#8221; olarak an\u0131lacakt\u0131r) ile <a href=\"https:\/\/batchartisandrinks.com\/en\/\"><u>www.batchartisandrinks.com<\/u><\/a>&nbsp;sitesine \u00fcye olurken &#8220;\u00dcye&#8221;nin elektronik olarak onay vermesi ile kar\u015f\u0131l\u0131kl\u0131 olarak kabul edilerek y\u00fcr\u00fcrl\u00fc\u011fe girmi\u015ftir.<\/p>\n\n\n\n<p>Kullan\u0131c\u0131, Site&#8217;ye \u00fcye olurken verdi\u011fi elektronik onayla, \u00dcyelik S\u00f6zle\u015fmesi&#8217;nin tamam\u0131n\u0131 okudu\u011funu, i\u00e7eri\u011fini b\u00fct\u00fcn\u00fc ile anlad\u0131\u011f\u0131n\u0131 ve t\u00fcm h\u00fck\u00fcmlerini onaylad\u0131\u011f\u0131n\u0131 kabul, beyan ve taahh\u00fct eder.<\/p>\n\n\n\n<p><strong>Tan\u0131mlar<\/strong><strong><\/strong><\/p>\n\n\n\n<p><a href=\"https:\/\/batchartisandrinks.com\/en\/\"><u>www.batchartisandrinks.com<\/u><\/a>&nbsp;internet sitesinin faaliyetlerini y\u00fcr\u00fcten&nbsp;Bernardini Organizasyon Dan\u0131\u015fmanl\u0131k ve D\u0131\u015f Ticaret Limited \u015eirketi, Seyrantepe Mah. K\u00e2tip Sok. No:18\/C Ka\u011f\u0131thane \u0130stanbul&nbsp;adresinde mukim (Bundan b\u00f6yle \u201csat\u0131c\u0131\u201d olarak an\u0131lacakt\u0131r)&nbsp;<\/p>\n\n\n\n<p>Site:&nbsp;<a href=\"https:\/\/batchartisandrinks.com\/en\/\"><u>www.batchartisandrinks.com<\/u><\/a>&nbsp;taraf\u0131ndan belirlenen \u00e7er\u00e7eve i\u00e7erisinde \u00e7e\u015fitli hizmetlerin ve i\u00e7eriklerin sunuldu\u011fu \u00e7evrimi\u00e7i (on-line) ortamdan eri\u015fimi m\u00fcmk\u00fcn olan web sitesidir.<\/p>\n\n\n\n<p>\u00dcye:&nbsp;Site&#8217;ye \u00fcye olan ve Site&#8217;de sunulan hizmet&#8217;lerden, i\u015fbu s\u00f6zle\u015fmede belirtilen ko\u015fullar dahilinde yararlanan Site&#8217;de sunulan hizmetleri kullanmak suretiyle, sat\u0131\u015fa arz edilen mal ve\/veya hizmetleri sat\u0131n alan veya <a href=\"https:\/\/batchartisandrinks.com\/en\/\"><u>www.batchartisandrinks.com<\/u><\/a>&nbsp;web sitesini al\u0131\u015fveri\u015f yaparak ya da al\u0131\u015fveri\u015f yapmaks\u0131z\u0131n ziyaret eden ki\u015fidir.<\/p>\n\n\n\n<p>Onaylama \u0130\u015flemi:&nbsp;\u00dcye taraf\u0131ndan, \u00fcyelik formunda <a href=\"https:\/\/batchartisandrinks.com\/en\/\"><u>www.batchartisandrinks.com<\/u><\/a>&nbsp;sitesinden mesaj g\u00f6ndermesi ile Kullan\u0131c\u0131&#8217;n\u0131n \u00fcyeli\u011fini aktif hale getirilebilmesi i\u00e7in yap\u0131lmas\u0131 gereken i\u015flemdir.<\/p>\n\n\n\n<p>Web Sitesi Kullan\u0131m Ko\u015fullar\u0131 ve \u00dcyelik S\u00f6zle\u015fmesi: Site vas\u0131tas\u0131yla sunulmakta olan ticari ve ki\u015fiye \u00f6zel nitelikteki hizmetlerden yararlanacak ger\u00e7ek ve\/veya t\u00fczel ki\u015filerle <a href=\"https:\/\/batchartisandrinks.com\/en\/\"><u>www.batchartisandrinks.com<\/u><\/a>&nbsp;internet sitesi aras\u0131nda elektronik ortamda akdedilen i\u015fbu s\u00f6zle\u015fmedir.<\/p>\n\n\n\n<p><strong>S\u00f6zle\u015fmenin Konusu ve Kapsam\u0131<\/strong><strong><\/strong><\/p>\n\n\n\n<p>\u00dcyelik S\u00f6zle\u015fmesi&#8217;nin konusu, Site&#8217;de sunulan hizmetlerin, bu hizmetlerden yararlanma \u015fartlar\u0131n\u0131n ve taraflar\u0131n hak ve y\u00fck\u00fcml\u00fcl\u00fcklerinin tespitidir.<\/p>\n\n\n\n<p>\u00dcye S\u00f6zle\u015fmesi&#8217;nin kapsam\u0131, i\u015fbu s\u00f6zle\u015fme ve ekleri ile Site i\u00e7erisinde yer alan, kullan\u0131ma, \u00fcyeli\u011fe ve hizmetlere ili\u015fkin olarak sat\u0131c\u0131 taraf\u0131ndan yap\u0131lm\u0131\u015f olan bilc\u00fcmle uyar\u0131, yaz\u0131 ve a\u00e7\u0131klama gibi beyanlard\u0131r. \u00dcye, \u00dcyelik S\u00f6zle\u015fmesi&#8217;nin h\u00fck\u00fcmlerini kabul etmekle, Site i\u00e7inde yer alan, kullan\u0131ma, \u00fcyeli\u011fe ve hizmetlere ili\u015fkin olarak sat\u0131c\u0131 taraf\u0131ndan a\u00e7\u0131klanan her t\u00fcrl\u00fc beyan\u0131 da kabul etmi\u015f olmaktad\u0131r. \u00dcye, bahsi ge\u00e7en beyanlarda belirtilen her t\u00fcrl\u00fc hususa uygun olarak davranaca\u011f\u0131n\u0131 kabul, beyan ve taahh\u00fct eder.&nbsp;<\/p>\n\n\n\n<p><a href=\"https:\/\/batchartisandrinks.com\/en\/\"><u>www.batchartisandrinks.com<\/u><\/a>&nbsp;internet sitesi, Site \u00fczerinden sunaca\u011f\u0131 hizmetler genel itibariyle T\u00fcketici Hukuku mevzuat\u0131nda tan\u0131mlanan elektronik ticaretten ibarettir.<\/p>\n\n\n\n<p><a href=\"https:\/\/batchartisandrinks.com\/en\/\"><u>www.batchartisandrinks.com<\/u><\/a>&nbsp;internet sitesi, Site \u00fczerinden verece\u011fi hizmetler s\u0131n\u0131rl\u0131 say\u0131da olmamak \u00fczere; <a href=\"https:\/\/batchartisandrinks.com\/en\/\"><u>www.batchartisandrinks.com<\/u><\/a>&nbsp;adresinde sat\u0131\u015fa sunulan \u00fcr\u00fcnlerin; \u00dcye taraf\u0131ndan bedeli \u00f6dendikten sonra, sat\u0131c\u0131n\u0131n stok durumunun m\u00fcsait olmas\u0131 halinde yani s\u00f6zle\u015fmenin sat\u0131c\u0131ya y\u00fckledi\u011fi; mal\u0131n teslim edilmesi borcunun ifa edilebilir olmas\u0131 durumunda; taahh\u00fct edilen s\u00fcrede mal\u0131n m\u00fc\u015fteriye kargo firmas\u0131 taraf\u0131ndan&nbsp;<a href=\"https:\/\/batchartisandrinks.com\/en\/\"><u>www.batchartisandrinks.com<\/u><\/a>&nbsp;ad\u0131na ay\u0131ps\u0131z olarak teslimidir.<\/p>\n\n\n\n<p><a href=\"https:\/\/batchartisandrinks.com\/en\/\"><u>www.batchartisandrinks.com<\/u><\/a>&nbsp;Site \u00fczerinden sunaca\u011f\u0131 hizmetlerin kapsam\u0131n\u0131 ve niteli\u011fini belirlemekte tamamen serbest olup, hizmetlere ili\u015fkin olarak yapaca\u011f\u0131 de\u011fi\u015fiklikleri Site&#8217;de yay\u0131nlamas\u0131yla y\u00fcr\u00fcrl\u00fc\u011fe koymu\u015f addedilir.<\/p>\n\n\n\n<p><strong>\u00dcyelik ve Hizmet Kullan\u0131m\u0131 \u015eartlar\u0131<\/strong><strong><\/strong><\/p>\n\n\n\n<p>\u00dcyelik, Site&#8217;nin ilgili b\u00f6l\u00fcm\u00fcnden, \u00dcye olmak isteyen ki\u015fi taraf\u0131ndan Site&#8217;ye \u00fcye olmak i\u00e7in gerekli bilgilerinin g\u00f6nderilmesi suretiyle kay\u0131t i\u015fleminin yapt\u0131r\u0131lmas\u0131 ve sat\u0131c\u0131 taraf\u0131ndan kay\u0131t i\u015fleminin onaylanmas\u0131 ile tamamlan\u0131r. \u00dcyelik i\u015flemi tamamlanmadan, i\u015fbu s\u00f6zle\u015fmede tan\u0131mlanan \u00dcye olma hak ve yetkisine sahip olunamaz.&nbsp;<\/p>\n\n\n\n<p>Sat\u0131c\u0131 her zaman herhangi bir gerek\u00e7e g\u00f6stermeden, herhangi bir bildirimde bulunmadan ve herhangi bir tazminat \u00f6deme y\u00fck\u00fcml\u00fcl\u00fc\u011f\u00fc bulunmadan ve derhal y\u00fcr\u00fcrl\u00fc\u011fe girecek \u015fekilde i\u015fbu s\u00f6zle\u015fmeyi tek tarafl\u0131 olarak feshedebilir ve \u00dcye\u2019nin \u00fcyeli\u011fine son verebilir veya s\u00f6zle\u015fmeyi feshetmeden \u00dcye\u2019nin \u00fcyeli\u011fini ge\u00e7ici olarak durdurabilir.<\/p>\n\n\n\n<p><strong>Hak ve Y\u00fck\u00fcml\u00fcl\u00fckler<\/strong><strong><\/strong><\/p>\n\n\n\n<p>\u00dcye Hak ve Y\u00fck\u00fcml\u00fcl\u00fckleri<\/p>\n\n\n\n<p>\u00dcye, \u00fcyelik prosed\u00fcrlerini yerine getirirken, Site&#8217;nin hizmetlerinden faydalan\u0131rken ve Site&#8217;deki hizmetlerle ilgili herhangi bir i\u015flemi yerine getirirken, \u00dcyelik S\u00f6zle\u015fmesi&#8217;nde yer alan t\u00fcm \u015fartlara, Site&#8217;nin ilgili yerlerinde belirtilen kurallara ve y\u00fcr\u00fcrl\u00fckteki t\u00fcm mevzuata uygun hareket edece\u011fini, i\u015fbu s\u00f6zle\u015fmede belirtilen t\u00fcm \u015fart ve kurallar\u0131 anlad\u0131\u011f\u0131n\u0131 ve onaylad\u0131\u011f\u0131n\u0131 kabul, beyan ve taahh\u00fct eder.<\/p>\n\n\n\n<p>\u00dcye, y\u00fcr\u00fcrl\u00fckteki emredici mevzuat h\u00fck\u00fcmleri gere\u011fince veya di\u011fer \u00fcyeler ile \u00fc\u00e7\u00fcnc\u00fc \u015fah\u0131slar\u0131n haklar\u0131n\u0131n ihlal edildi\u011finin iddia edilmesi durumlar\u0131nda, sat\u0131c\u0131n\u0131n kendisine ait gizli\/\u00f6zel\/ticari bilgileri gerek resmi makamlara ve gerekse hak sahibi ki\u015filere a\u00e7\u0131klamaya yetkili olaca\u011f\u0131n\u0131 ve bu sebeple sat\u0131c\u0131dan her ne nam alt\u0131nda olursa olsun tazminat talep edilemeyece\u011fini kabul, beyan ve taahh\u00fct eder.<\/p>\n\n\n\n<p>\u00dcye\u2019lerin sat\u0131c\u0131 taraf\u0131ndan sunulan hizmetlerden yararlanabilmek amac\u0131yla kulland\u0131klar\u0131 sisteme eri\u015fim ara\u00e7lar\u0131n\u0131n (Kullan\u0131c\u0131 ismi, \u015fifre v.b.) g\u00fcvenli\u011fi, saklanmas\u0131, \u00fc\u00e7\u00fcnc\u00fc ki\u015filerin bilgisinden uzak tutulmas\u0131 ve kullan\u0131lmas\u0131 durumlar\u0131yla ilgili hususlar tamamen \u00dcye\u2019lerin&nbsp;sorumlulu\u011fundad\u0131r. \u00dcye\u2019lerin, sisteme giri\u015f ara\u00e7lar\u0131n\u0131n g\u00fcvenli\u011fi, saklanmas\u0131, \u00fc\u00e7\u00fcnc\u00fc ki\u015filerin bilgisinden uzak tutulmas\u0131, kullan\u0131lmas\u0131 gibi hususlardaki t\u00fcm ihmal ve kusurlar\u0131ndan dolay\u0131 \u00dcye\u2019lerin u\u011frad\u0131\u011f\u0131 veya u\u011frayabilece\u011fi zararlara istinaden sat\u0131c\u0131n\u0131n, do\u011frudan veya dolayl\u0131, herhangi bir sorumlulu\u011fu yoktur.<\/p>\n\n\n\n<p>\u00dcye\u2019ler, Site dahilinde kendileri taraf\u0131ndan sa\u011flanan bilgi ve i\u00e7eriklerin do\u011fru ve hukuka uygun oldu\u011funu kabul, beyan ve taahh\u00fct ederler. Sat\u0131c\u0131, \u00dcye\u2019ler taraf\u0131ndan sat\u0131c\u0131ya iletilen veya Site \u00fczerinden kendileri taraf\u0131ndan y\u00fcklenen, de\u011fi\u015ftirilen veya sa\u011flanan bilgi ve i\u00e7eriklerin do\u011frulu\u011funu ara\u015ft\u0131rma, bu bilgi ve i\u00e7eriklerin g\u00fcvenli, do\u011fru ve hukuka uygun oldu\u011funu taahh\u00fct ve garanti etmekle y\u00fck\u00fcml\u00fc ve sorumlu olmad\u0131\u011f\u0131 gibi, s\u00f6z konusu bilgi ve i\u00e7eriklerin yanl\u0131\u015f veya hatal\u0131 olmas\u0131ndan dolay\u0131 ortaya \u00e7\u0131kacak hi\u00e7bir zarardan da sorumlu tutulamaz.<\/p>\n\n\n\n<p>Sat\u0131c\u0131n\u0131n sundu\u011fu hizmetlerden yararlananlar ve Site&#8217;yi kullananlar, yaln\u0131zca hukuka uygun ama\u00e7larla Site \u00fczerinde i\u015flem yapabilirler. \u00dcye\u2019lerin, Site dahilinde yapt\u0131\u011f\u0131 her i\u015flem ve eylemdeki hukuki ve cezai sorumluluk kendilerine aittir. Her \u00dcye, Site dahilinde bulunan resimleri, metinleri, g\u00f6rsel ve i\u015fitsel imgeleri, video kliplerini, dosyalar\u0131, veritabanlar\u0131n\u0131, kataloglar\u0131 ve listeleri \u00e7o\u011faltmayaca\u011f\u0131n\u0131 kopyalamayaca\u011f\u0131n\u0131, da\u011f\u0131tmayaca\u011f\u0131n\u0131, i\u015flemeyece\u011fini gerek bu eylemleri ile gerekse de ba\u015fka yollarla sat\u0131c\u0131 ile do\u011frudan ve\/veya dolayl\u0131 olarak rekabete girmeyece\u011fini kabul, beyan ve taahh\u00fct eder.<\/p>\n\n\n\n<p>\u00dcye, kay\u0131t i\u00e7in gerekli olan b\u00f6l\u00fcmleri doldurup elektronik posta adresini onaylad\u0131ktan sonra i\u015fbu s\u00f6zle\u015fmede belirtilen \u015fartlara uymak ko\u015fuluyla, elektronik posta adresini ve \u015fifresini girerek Siteyi kullanmaya ba\u015flayabilir.<\/p>\n\n\n\n<p>\u00dcye, Site ve hizmetlerinden yararlan\u0131rken, T\u00fcrk Ceza Kanunu, T\u00fcrk Ticaret Kanunu, Fikir ve Sanat Eserleri Kanunu, Marka ve Patent Haklar\u0131n\u0131n Korunmas\u0131 ile ilgili Kanun H\u00fckm\u00fcnde Kararnameler ve yasal d\u00fczenlemeler, Bor\u00e7lar Yasas\u0131, di\u011fer ilgili mevzuat h\u00fck\u00fcmleri ile Sitenin hizmetlerine ili\u015fkin olarak yay\u0131mlayaca\u011f\u0131 her t\u00fcrl\u00fc duyuru ve bildirimlere uymay\u0131 kabul eder.<\/p>\n\n\n\n<p>Siteyi ziyaret eden \u00fcyelerin bilgileri (ziyaret s\u0131kl\u0131\u011f\u0131, ziyaret zamanlar\u0131 vb.) onlara daha iyi hizmet edebilmek amac\u0131 ile takip edilmektedir. Bu bilgiler, gizlilik \u015fartlar\u0131na ba\u011fl\u0131 kal\u0131narak, i\u00e7eri\u011fi geni\u015fletmek ve iyile\u015ftirmek amac\u0131 ile reklam vb. konularda i\u015f birli\u011fi yap\u0131lan firmalarla payla\u015f\u0131lmaktad\u0131r. Buradaki ama\u00e7, sitenin kullan\u0131c\u0131lar\u0131na sundu\u011fu hizmeti geli\u015ftirmek ve Sitenin sundu\u011fu i\u00e7eri\u011fi zenginle\u015ftirmektir.<\/p>\n\n\n\n<p>\u00dcye, sergilenen \u00fcr\u00fcne almak \u00fczere talepte bulunmak suretiyle, \u00fcr\u00fcn a\u00e7\u0131klamas\u0131 ile beraber sat\u0131c\u0131 taraf\u0131ndan belirlenmi\u015f sat\u0131\u015f \u015fartlar\u0131n\u0131 ve usullerini de kabul etmi\u015f say\u0131l\u0131r.<\/p>\n\n\n\n<p>\u00dcye, 6205 say\u0131l\u0131 T\u00fcketicinin Korunmas\u0131 Hakk\u0131ndaki Kanun ve Mesafeli S\u00f6zle\u015fmeler Y\u00f6netmeli\u011fi gere\u011fince sat\u0131c\u0131n\u0131n \u00fcr\u00fcnlere ili\u015fkin \u00f6n bilgilendirme formu ve mesafeli sat\u0131\u015f s\u00f6zle\u015fmesini G\u00fcvenli al\u0131\u015fveri\u015f sistemi Hizmeti i\u00e7erisinde olu\u015fturaca\u011f\u0131n\u0131 kabul, beyan ve taahh\u00fct eder.<\/p>\n\n\n\n<p>\u00dcye, Site&#8217;de 6205 say\u0131l\u0131 T\u00fcketicinin Korunmas\u0131 Hakk\u0131ndaki Kanun ve Mesafeli S\u00f6zle\u015fmeler Y\u00f6netmeli\u011fi \u00e7er\u00e7evesinde sat\u0131c\u0131n\u0131n kendisine ait \u00fcyelik bilgilerini ve Sat\u0131c\u0131n\u0131n sat\u0131\u015fa konu \u00fcr\u00fcne ili\u015fkin verdi\u011fi bilgileri esas alarak d\u00fczenlenen \u00f6n bilgilendirme formu ve mesafeli sat\u0131\u015f s\u00f6zle\u015fmesini onaylayaca\u011f\u0131n\u0131 kabul, beyan ve taahh\u00fct eder.<\/p>\n\n\n\n<p>Sat\u0131c\u0131n\u0131n Hak ve Y\u00fck\u00fcml\u00fcl\u00fckleri<\/p>\n\n\n\n<p>Sat\u0131c\u0131 Site&#8217;de yer alan \u00fcyelik bilgilerini, Kullan\u0131c\u0131 g\u00fcvenli\u011fi, kendi y\u00fck\u00fcml\u00fcl\u00fc\u011f\u00fcn\u00fc ifa ve Site <a href=\"https:\/\/batchartisandrinks.com\/en\/\"><u>www.batchartisandrinks.com<\/u><\/a>&nbsp;ile ilgili pazarlama, tan\u0131t\u0131m ve ileti\u015fim yapmak ve baz\u0131 istatistiki de\u011ferlendirmeler i\u00e7in diledi\u011fi bi\u00e7imde kullanabilir. Bunlar\u0131 bir veritaban\u0131 \u00fczerinde tasnif edip muhafaza edebilir.<\/p>\n\n\n\n<p>Sat\u0131c\u0131, \u00fcyeler aras\u0131nda site \u00fczerinden ger\u00e7ekle\u015fen ve Site&#8217;nin i\u015fleyi\u015fine ve\/veya \u00dcyelik S\u00f6zle\u015fmesine ve\/veya Site&#8217;nin genel kurallar\u0131na ve\/veya genel ahlak kurallar\u0131na ayk\u0131r\u0131 kabul edilmesi m\u00fcmk\u00fcn olmayan mesajlar\u0131n ve\/veya i\u00e7eriklerin tespit edilmesi amac\u0131yla gerekli i\u00e7erik ve\/veya mesaj veya yorum taramas\u0131 yapabilir ve tespit etti\u011fi mesaj ve\/veya yorumlar\u0131 istedi\u011fi zaman ve \u015fekilde eri\u015fimden kald\u0131rabilir; Sat\u0131c\u0131, bu mesaj ve\/veya yorumu olu\u015fturan \u00dcye\u2019yi yaz\u0131l\u0131 uyarabilir ve\/veya \u00dcye\u2019nin \u00fcyeli\u011fine, herhangi bir ihbar yapmadan, ge\u00e7ici veya kal\u0131c\u0131 olarak, son verebilir.<\/p>\n\n\n\n<p>Sat\u0131c\u0131, Site \u00fczerinden yap\u0131lan sat\u0131\u015flara ili\u015fkin \u00f6n bilgilendirme formu ve mesafeli sat\u0131\u015f s\u00f6zle\u015fmelerini 3 y\u0131l s\u00fcre ile saklayaca\u011f\u0131n\u0131 ve bu s\u00fcre i\u00e7erisinde i\u015fbu mesafeli sat\u0131\u015f s\u00f6zle\u015fmesini ve \u00f6n bilgilendirme formunu \u00dcye\u2019nin talebi ile payla\u015faca\u011f\u0131n\u0131 kabul, beyan ve taahh\u00fct eder. Sat\u0131c\u0131 m\u00fc\u015fterilerine ait kredi kart\u0131 bilgilerini sistemde kay\u0131tl\u0131 olarak tutmamaktad\u0131r.&nbsp;<\/p>\n\n\n\n<p>Sat\u0131c\u0131 taraf\u0131ndan <a href=\"https:\/\/batchartisandrinks.com\/en\/\"><u>www.batchartisandrinks.com<\/u><\/a>&nbsp;internet sitesinin iyile\u015ftirilmesi, geli\u015ftirilmesine y\u00f6nelik olarak ve\/veya yasal mevzuat \u00e7er\u00e7evesinde siteye eri\u015fmek i\u00e7in kullan\u0131lan \u0130nternet servis sa\u011flay\u0131c\u0131s\u0131n\u0131n ad\u0131 ve Internet Protokol (IP) adresi, siteye eri\u015filen tarih ve saat, sitede bulunulan s\u0131rada eri\u015filen sayfalar ve siteye do\u011frudan ba\u011flan\u0131lmas\u0131n\u0131 sa\u011flayan Web sitesinin Internet adresi gibi birtak\u0131m bilgiler toplanabilir.&nbsp;<\/p>\n\n\n\n<p>Sat\u0131c\u0131 \u00fcyelerine daha iyi hizmet sunmak, \u00fcr\u00fcnlerini ve hizmetlerini iyile\u015ftirmek, sitenin kullan\u0131m\u0131n\u0131 kolayla\u015ft\u0131rmak i\u00e7in kullan\u0131m\u0131n\u0131 \u00dcye\u2019lerinin \u00f6zel tercihlerine ve ilgi alanlar\u0131na y\u00f6nelik \u00e7al\u0131\u015fmalarda \u00fcyelerin ki\u015fisel bilgilerini kullanabilir. Sat\u0131c\u0131, \u00fcyenin <a href=\"https:\/\/batchartisandrinks.com\/en\/\"><u>www.batchartisandrinks.com<\/u><\/a>&nbsp;internet sitesi \u00fczerinde yapt\u0131\u011f\u0131 hareketlerin kayd\u0131n\u0131 bulundurma hakk\u0131n\u0131 sakl\u0131 tutar.<\/p>\n\n\n\n<p>Sat\u0131c\u0131, \u00dcye\u2019nin <a href=\"https:\/\/batchartisandrinks.com\/en\/\"><u>www.batchartisandrinks.com<\/u><\/a>&nbsp;internet sitesi kurallar\u0131n\u0131 yada i\u015f bu s\u00f6zle\u015fmede \u00f6ng\u00f6r\u00fclen herhangi bir y\u00fck\u00fcml\u00fcl\u00fc\u011f\u00fc veya herhangi kanun, y\u00f6netmelik ve sair mevzuata ayk\u0131r\u0131 herhangi bir eylem ve i\u015flem nedeniyle herhangi bir ihbar ve ihtarda bulunmaks\u0131z\u0131n derhal kullan\u0131m hakk\u0131n\u0131 s\u0131n\u0131rland\u0131rabilir, durdurabilir veya \u00fcyeli\u011fi iptal edebilir. Bu hallerde \u00fcye, kullan\u0131c\u0131 veya al\u0131c\u0131, sat\u0131c\u0131dan herhangi bir menfi veya m\u00fcspet zarar ve ziyan, hak ve alacak talep ve tahsil edemez.<\/p>\n\n\n\n<p><strong>S\u00f6zle\u015fme De\u011fi\u015fiklikleri<\/strong><strong><\/strong><\/p>\n\n\n\n<p>\u0130\u015fbu s\u00f6zle\u015fme \u00fcyenin \u00fcyeli\u011fini iptal etmesi veya sat\u0131c\u0131 taraf\u0131ndan \u00fcyeli\u011finin iptal edilmesine kadar y\u00fcr\u00fcrl\u00fckte kalacakt\u0131r. Sat\u0131c\u0131 \u00fcyenin \u00fcyelik s\u00f6zle\u015fmesinin herhangi bir h\u00fckm\u00fcn\u00fc ihlal etmesi durumunda \u00fcyenin \u00fcyeli\u011fini iptal ederek s\u00f6zle\u015fmeyi tek tarafl\u0131 olarak feshedebilecektir.<\/p>\n\n\n\n<p><strong>Sorumlulu\u011fun S\u0131n\u0131rland\u0131r\u0131lmas\u0131<\/strong><strong><\/strong><\/p>\n\n\n\n<p><a href=\"https:\/\/batchartisandrinks.com\/en\/\"><u>www.batchartisandrinks.com<\/u><\/a>, Site&#8217;ye eri\u015filmesi, Site&#8217;nin ya da Site&#8217;deki bilgilerin ve di\u011fer verilerin programlar\u0131n vs. kullan\u0131lmas\u0131 sebebiyle, s\u00f6zle\u015fmenin ihlali, haks\u0131z fiil, ya da ba\u015fkaca sebeplere binaen, do\u011fabilecek do\u011frudan ya da dolayl\u0131 hi\u00e7bir zarardan sorumlu de\u011fildir. <a href=\"https:\/\/batchartisandrinks.com\/en\/\"><u>www.batchartisandrinks.com<\/u><\/a>&nbsp;s\u00f6zle\u015fmenin ihlali, haks\u0131z fiil, ihmal veya di\u011fer sebepler neticesinde; i\u015flemin kesintiye u\u011framas\u0131, hata, ihmal, kesinti hususunda herhangi bir sorumluluk kabul etmez. Bu Site\u2019ye ya da link verilen di\u011fer web sitelerine eri\u015filmesi ya da Site&#8217;nin kullan\u0131lmas\u0131 ile <a href=\"https:\/\/batchartisandrinks.com\/en\/\"><u>www.batchartisandrinks.com<\/u><\/a>&nbsp;i\u015fletmesinin, kullan\u0131m\/ziyaret sonucunda, do\u011fabilecek her t\u00fcr sorumluluktan, mahkeme ve di\u011fer masraflar da dahil olmak \u00fczere her t\u00fcr zarar ve talep hakk\u0131ndan ayr\u0131 k\u0131l\u0131nd\u0131\u011f\u0131 kabul edilmektedir.&nbsp;<\/p>\n\n\n\n<p><strong>Uygulanacak Hukuk ve Yetki<\/strong><strong><\/strong><\/p>\n\n\n\n<p>\u0130\u015fbu s\u00f6zle\u015fmenin uygulanmas\u0131nda, Sanayi ve Ticaret Bakanl\u0131\u011f\u0131nca ilan edilen de\u011fere kadar T\u00fcketici Hakem Heyetleri ile sat\u0131c\u0131n\u0131n yerle\u015fim yerindeki T\u00dcKET\u0130C\u0130 MAHKEMELER\u0130 yetkilidir. Sipari\u015fin elektronik ortamda onaylanmas\u0131 durumunda, \u00dcye is bu s\u00f6zle\u015fmenin t\u00fcm h\u00fck\u00fcmlerini kabul etmi\u015f say\u0131l\u0131r. Taraflar aras\u0131nda herhangi bir uyu\u015fmazl\u0131k oldu\u011funda sat\u0131c\u0131n\u0131n, kay\u0131t ve belgeleri, mail yaz\u0131\u015fmalar\u0131, internet sitesi \u00fczerinde yer alan sistem kay\u0131tlar\u0131 (bilgisayar-ses kay\u0131tlar\u0131 gibi manyetik ortamdaki kay\u0131tlar dahil) m\u00fcnhas\u0131ran HMK 193. madde anlam\u0131nda kesin delil te\u015fkil edecektir.<strong><\/strong><\/p>\n\n\n\n<p><strong>Y\u00fcr\u00fcrl\u00fck<\/strong><strong><\/strong><\/p>\n\n\n\n<p>\u00dcyenin, \u00fcyelik kayd\u0131 yapmas\u0131 \u00fcyenin \u00fcyelik s\u00f6zle\u015fmesinde yer alan t\u00fcm maddeleri okudu\u011fu ve \u00fcyelik s\u00f6zle\u015fmesinde yer alan maddeleri kabul etti\u011fi anlam\u0131na gelir. \u0130\u015fbu S\u00f6zle\u015fme \u00fcyenin \u00fcye olmas\u0131 an\u0131nda akdedilmi\u015f ve kar\u015f\u0131l\u0131kl\u0131 olarak y\u00fcr\u00fcrl\u00fc\u011fe girmi\u015ftir. Sat\u0131c\u0131 diledi\u011fi zaman i\u015fbu s\u00f6zle\u015fme h\u00fck\u00fcmlerinde de\u011fi\u015fikli\u011fe gidebilir, de\u011fi\u015fiklikler, s\u00fcr\u00fcm numaras\u0131 ve de\u011fi\u015fiklik tarihi belirtilerek site \u00fczerinden yay\u0131nlan\u0131r ve ayn\u0131 tarihte y\u00fcr\u00fcrl\u00fc\u011fe girer.<\/p>\n\n\n\n<p><strong>OKUDUM-KABUL ETT\u0130M ve ONAYLADIM<\/strong><strong><\/strong><\/p>\n\n\n\n<p><strong>\u00dcye<\/strong><strong><\/strong><\/p>","protected":false},"excerpt":{"rendered":"<p>\u00dcYEL\u0130K S\u00d6ZLE\u015eMES\u0130 Taraflar \u0130\u015fbu \u00fcyelik s\u00f6zle\u015fmesi,&nbsp;www.batchartisandrinks.com&nbsp;(K\u0131saca &#8220;Site&#8221; olarak an\u0131lacakt\u0131r) ile www.batchartisandrinks.com&nbsp;sitesine \u00fcye olurken &#8220;\u00dcye&#8221;nin elektronik olarak onay vermesi ile kar\u015f\u0131l\u0131kl\u0131<\/p>","protected":false},"author":3,"featured_media":0,"parent":0,"menu_order":0,"comment_status":"closed","ping_status":"closed","template":"","meta":{"footnotes":""},"class_list":["post-29365","page","type-page","status-publish","hentry"],"_links":{"self":[{"href":"https:\/\/batchartisandrinks.com\/en\/wp-json\/wp\/v2\/pages\/29365","targetHints":{"allow":["GET"]}}],"collection":[{"href":"https:\/\/batchartisandrinks.com\/en\/wp-json\/wp\/v2\/pages"}],"about":[{"href":"https:\/\/batchartisandrinks.com\/en\/wp-json\/wp\/v2\/types\/page"}],"author":[{"embeddable":true,"href":"https:\/\/batchartisandrinks.com\/en\/wp-json\/wp\/v2\/users\/3"}],"replies":[{"embeddable":true,"href":"https:\/\/batchartisandrinks.com\/en\/wp-json\/wp\/v2\/comments?post=29365"}],"version-history":[{"count":1,"href":"https:\/\/batchartisandrinks.com\/en\/wp-json\/wp\/v2\/pages\/29365\/revisions"}],"predecessor-version":[{"id":29366,"href":"https:\/\/batchartisandrinks.com\/en\/wp-json\/wp\/v2\/pages\/29365\/revisions\/29366"}],"wp:attachment":[{"href":"https:\/\/batchartisandrinks.com\/en\/wp-json\/wp\/v2\/media?parent=29365"}],"curies":[{"name":"wp","href":"https:\/\/api.w.org\/{rel}","templated":true}]}}