{"id":29363,"date":"2025-08-30T06:37:23","date_gmt":"2025-08-30T06:37:23","guid":{"rendered":"https:\/\/batchartisandrinks.com\/?page_id=29363"},"modified":"2025-08-30T06:37:23","modified_gmt":"2025-08-30T06:37:23","slug":"veri-sahibi-basvuru-formu","status":"publish","type":"page","link":"https:\/\/batchartisandrinks.com\/en\/veri-sahibi-basvuru-formu\/","title":{"rendered":"The Data Owner Application Form"},"content":{"rendered":"<p><strong>BERNARD\u0130N\u0130 ORGAN\u0130ZASYON DANI\u015eMANLIK VE DI\u015e T\u0130CARET L\u0130M\u0130TED \u015e\u0130RKET\u0130 <\/strong><strong><\/strong><\/p>\n\n\n\n<p><strong>VER\u0130 SAH\u0130B\u0130 BA\u015eVURU FORMU<\/strong><strong><\/strong><\/p>\n\n\n\n<ol class=\"wp-block-list\">\n<li><strong>Ba\u015fvuru Y\u00f6ntemi<\/strong><\/li>\n<\/ol>\n\n\n\n<p>6698 say\u0131l\u0131 Ki\u015fisel Verilerin Korunmas\u0131 Kanunu\u2019nun (\u201cKanun\u201d) 11. Maddesinde say\u0131lan haklar\u0131n\u0131z kapsam\u0131ndaki taleplerinizi,&nbsp;Kanun\u2019un 13. maddesi ile Veri Sorumlusuna Ba\u015fvuru Usul ve Esaslar\u0131 Hakk\u0131nda Tebli\u011f\u2019in 5. maddesi gere\u011fince, i\u015fbu form ile a\u015fa\u011f\u0131da a\u00e7\u0131klanan y\u00f6ntemlerden biriyle&nbsp;ba\u015fvurunuzu \u015eirketimize iletebilirsiniz.<\/p>\n\n\n\n<figure class=\"wp-block-table\"><table class=\"has-fixed-layout\"><tbody><tr><td>&nbsp;<\/td><td>BA\u015eVURU Y\u00d6NTEM\u0130<\/td><td>BA\u015eVURU YAPILACAK ADRES<\/td><td>BA\u015eVURUDA G\u00d6STER\u0130LECEK B\u0130LG\u0130&nbsp;<\/td><\/tr><tr><td>Yaz\u0131l\u0131 Olarak Ba\u015fvuru<\/td><td>Islak imzal\u0131 \u015fahsen ba\u015fvuru veyaNoter vas\u0131tas\u0131yla<\/td><td>Seyrantepe Mah. K\u00e2tip Sok. No:18\/C Ka\u011f\u0131thane \u0130stanbul<\/td><td>Zarf\u0131n\/tebligat\u0131n \u00fczerine \u201cKi\u015fisel Verilerin Korunmas\u0131 Kanunu Kapsam\u0131nda Bilgi Talebi\u201d yaz\u0131lacakt\u0131r.<\/td><\/tr><tr><td>Kay\u0131tl\u0131 Elektronik Posta (KEP) Yoluyla<\/td><td>Kay\u0131tl\u0131 elektronik posta (KEP) adresi ile<\/td><td>KEP ADRES\u0130 A\u00c7ILMASI GEREKMEKTED\u0130R.<\/td><td>E-posta\u2019n\u0131n konu k\u0131sm\u0131na \u201cKi\u015fisel Verilerin Korunmas\u0131 Kanunu Bilgi Talebi\u201d yaz\u0131lacakt\u0131r.<\/td><\/tr><tr><td>Sistemimizde Bulunan Elektronik Posta Adresi ile Ba\u015fvuru<\/td><td>\u015eirketimizin sisteminde kay\u0131tl\u0131 bulunan elektronik posta adresiniz kullan\u0131lmak suretiyle<\/td><td>info@carlobernardini.com<\/td><td>E-posta\u2019n\u0131n konu k\u0131sm\u0131na \u201cKi\u015fisel Verilerin Korunmas\u0131 Kanunu Bilgi Talebi\u201d yaz\u0131lacakt\u0131r.<\/td><\/tr><tr><td>Sistemimizde Bulunmayan Elektronik Posta Adresi ile Ba\u015fvuru<\/td><td>Mobil imza\/e-imza i\u00e7erecek bi\u00e7imde \u015eirketimizin sisteminde bulunmayan elektronik posta adresinizi kullanmak suretiyle<\/td><td>kvkk@bernardini.com &nbsp;Bu \u015fekilde bir kvkk mail hesab\u0131 a\u00e7\u0131lmas\u0131 gerekmektedir.<\/td><td>E-posta\u2019n\u0131n konu k\u0131sm\u0131na \u201cKi\u015fisel Verilerin Korunmas\u0131 Kanunu Bilgi Talebi\u201d yaz\u0131lacakt\u0131r.<\/td><\/tr><\/tbody><\/table><\/figure>\n\n\n\n<ul class=\"wp-block-list\">\n<li><strong>Kimlik ve \u0130leti\u015fim Bilgileriniz<\/strong><\/li>\n<\/ul>\n\n\n\n<p>L\u00fctfen sizinle ileti\u015fime ge\u00e7ebilmemiz ve kimli\u011finizi do\u011frulayabilmemiz ad\u0131na a\u015fa\u011f\u0131daki alanlar\u0131 doldurunuz.<\/p>\n\n\n\n<figure class=\"wp-block-table\"><table class=\"has-fixed-layout\"><tbody><tr><td>Ad-Soyad\u0131<\/td><td>:<\/td><td>&nbsp;&nbsp;<\/td><\/tr><tr><td>T.C. Kimlik Numaras\u0131 \/ Di\u011fer \u00dclke Vatanda\u015flar\u0131 i\u00e7in Pasaport Numaras\u0131 veya Kimlik Numaras\u0131<\/td><td>:<\/td><td>&nbsp;<\/td><\/tr><tr><td>Tebligata Esas Yerle\u015fim Yeri Adresi \/ \u0130\u015f Yeri Adresi&nbsp;<\/td><td>:<\/td><td>&nbsp;<\/td><\/tr><tr><td>Cep Telefonu&nbsp;<\/td><td>:<\/td><td>&nbsp;<\/td><\/tr><tr><td>Telefon Numaras\u0131&nbsp;<\/td><td>:<\/td><td>&nbsp;<\/td><\/tr><tr><td>Faks Numaras\u0131<\/td><td>:&nbsp;<\/td><td>&nbsp;<\/td><\/tr><tr><td>E-posta Adresi &nbsp;<\/td><td>:&nbsp;<\/td><td>&nbsp;<\/td><\/tr><\/tbody><\/table><\/figure>\n\n\n\n<ul class=\"wp-block-list\">\n<li><strong>\u015eirketimiz ile \u0130li\u015fkiniz<\/strong><\/li>\n<\/ul>\n\n\n\n<figure class=\"wp-block-table\"><table class=\"has-fixed-layout\"><tbody><tr><td rowspan=\"2\">&nbsp;\u015eirketimizle \u0130li\u015fkiniz<\/td><td rowspan=\"2\">:<\/td><td>M\u00fc\u015fteri<\/td><td><img decoding=\"async\" width=\"24\" height=\"26\" src=\"\">&nbsp;&nbsp;&nbsp;<\/td><td>\u00c7al\u0131\u015fan<\/td><td><img decoding=\"async\" width=\"24\" height=\"26\" src=\"\">&nbsp;&nbsp;&nbsp;&nbsp;<\/td><\/tr><tr><td>Eski \u00c7al\u0131\u015fan<\/td><td><img decoding=\"async\" width=\"24\" height=\"26\" src=\"\">&nbsp;<\/td><td>Di\u011fer(Belirtiniz)<\/td><td>&nbsp;&nbsp;&nbsp;&nbsp;<\/td><\/tr><\/tbody><\/table><\/figure>\n\n\n\n<ul class=\"wp-block-list\">\n<li><strong>Talep Konusu<\/strong><\/li>\n<\/ul>\n\n\n\n<figure class=\"wp-block-table\"><table class=\"has-fixed-layout\"><tbody><tr><td>Ki\u015fisel verilerinize ili\u015fkin talebinizi a\u015fa\u011f\u0131da a\u00e7\u0131k\u00e7a yazman\u0131z\u0131 rica ederiz. Konuya ili\u015fkin bilgi ve belgeler ba\u015fvuruya eklenmelidir.&nbsp;<\/td><\/tr><tr><td>&nbsp;&nbsp;&nbsp;&nbsp;&nbsp;&nbsp;&nbsp;&nbsp;&nbsp;&nbsp;&nbsp;&nbsp;&nbsp;&nbsp;&nbsp;&nbsp;&nbsp;&nbsp;&nbsp;&nbsp;<\/td><\/tr><\/tbody><\/table><\/figure>\n\n\n\n<ul class=\"wp-block-list\">\n<li>Yan\u0131t\u0131n Taraf\u0131n\u0131za Bildirilme Y\u00f6ntemini Se\u00e7iniz<\/li>\n<\/ul>\n\n\n\n<p><img decoding=\"async\" width=\"23\" height=\"21\" src=\"\">Yan\u0131t\u0131n 2nci b\u00f6l\u00fcm\u00fcnde sa\u011flam\u0131\u015f oldu\u011fum posta adresime g\u00f6nderilmesini istiyorum.<\/p>\n\n\n\n<p><img decoding=\"async\" width=\"23\" height=\"21\" src=\"\">Yan\u0131t\u0131n 2nci b\u00f6l\u00fcm\u00fcnde sa\u011flam\u0131\u015f oldu\u011fum elektronik posta adresime g\u00f6nderilmesini istiyorum.<\/p>\n\n\n\n<p><img decoding=\"async\" width=\"23\" height=\"21\" src=\"\">Yan\u0131t\u0131n 2nci b\u00f6l\u00fcm\u00fcnde sa\u011flam\u0131\u015f oldu\u011fum faks numarama g\u00f6nderilmesini istiyorum.<\/p>\n\n\n\n<p>Yukar\u0131da belirtti\u011fim talepler do\u011frultusunda, \u015eirketinize yapm\u0131\u015f oldu\u011fum ba\u015fvurumun Kanun\u2019un 13. maddesi uyar\u0131nca de\u011ferlendirilerek taraf\u0131ma bilgi verilmesini rica ederim.<\/p>\n\n\n\n<p>\u0130\u015fbu ba\u015fvuruda taraf\u0131n\u0131za sa\u011flam\u0131\u015f oldu\u011fum bilgi ve belgelerimin do\u011fru ve g\u00fcncel oldu\u011funu, \u015eirketinizin ba\u015fvurumu sonu\u00e7land\u0131rabilmek ad\u0131na ilave bilgi talep edebilece\u011fini ve ayr\u0131ca bir maliyet gerektirmesi halinde Ki\u015fisel Verileri Koruma Kurulu&nbsp;taraf\u0131ndan belirlenen \u00fccreti \u00f6demem gerekebilece\u011fi hususunda ayd\u0131nlat\u0131ld\u0131\u011f\u0131m\u0131 beyan ve taahh\u00fct ederim.<\/p>\n\n\n\n<p>Ba\u015fvuruda Bulunan \u0130lgili Ki\u015fi (Veri Sahibi)<\/p>\n\n\n\n<p>Ad\u0131 Soyad\u0131 :<\/p>\n\n\n\n<p>Ba\u015fvuru Tarihi :<\/p>\n\n\n\n<p>\u0130mza\/Onay :<\/p>","protected":false},"excerpt":{"rendered":"<p>BERNARD\u0130N\u0130 ORGAN\u0130ZASYON DANI\u015eMANLIK VE DI\u015e T\u0130CARET L\u0130M\u0130TED \u015e\u0130RKET\u0130 VER\u0130 SAH\u0130B\u0130 BA\u015eVURU FORMU 6698 say\u0131l\u0131 Ki\u015fisel Verilerin Korunmas\u0131 Kanunu\u2019nun (\u201cKanun\u201d) 11.<\/p>","protected":false},"author":3,"featured_media":0,"parent":0,"menu_order":0,"comment_status":"closed","ping_status":"closed","template":"","meta":{"footnotes":""},"class_list":["post-29363","page","type-page","status-publish","hentry"],"_links":{"self":[{"href":"https:\/\/batchartisandrinks.com\/en\/wp-json\/wp\/v2\/pages\/29363","targetHints":{"allow":["GET"]}}],"collection":[{"href":"https:\/\/batchartisandrinks.com\/en\/wp-json\/wp\/v2\/pages"}],"about":[{"href":"https:\/\/batchartisandrinks.com\/en\/wp-json\/wp\/v2\/types\/page"}],"author":[{"embeddable":true,"href":"https:\/\/batchartisandrinks.com\/en\/wp-json\/wp\/v2\/users\/3"}],"replies":[{"embeddable":true,"href":"https:\/\/batchartisandrinks.com\/en\/wp-json\/wp\/v2\/comments?post=29363"}],"version-history":[{"count":1,"href":"https:\/\/batchartisandrinks.com\/en\/wp-json\/wp\/v2\/pages\/29363\/revisions"}],"predecessor-version":[{"id":29364,"href":"https:\/\/batchartisandrinks.com\/en\/wp-json\/wp\/v2\/pages\/29363\/revisions\/29364"}],"wp:attachment":[{"href":"https:\/\/batchartisandrinks.com\/en\/wp-json\/wp\/v2\/media?parent=29363"}],"curies":[{"name":"wp","href":"https:\/\/api.w.org\/{rel}","templated":true}]}}