{"id":29360,"date":"2025-08-30T06:35:47","date_gmt":"2025-08-30T06:35:47","guid":{"rendered":"https:\/\/batchartisandrinks.com\/?page_id=29360"},"modified":"2025-08-30T06:35:48","modified_gmt":"2025-08-30T06:35:48","slug":"cerez-aydinlatma-metni","status":"publish","type":"page","link":"https:\/\/batchartisandrinks.com\/en\/cerez-aydinlatma-metni\/","title":{"rendered":"\u00c7EREZ AYDINLATMA METN\u0130"},"content":{"rendered":"<figure class=\"wp-block-table\"><table class=\"has-fixed-layout\"><tbody><tr><td><a>Sitemizde ve uygulamam\u0131zda \u00e7erezler kullan\u0131lmaktad\u0131r. \u00c7erezler hakk\u0131nda detayl\u0131 bilgi almak i\u00e7in <\/a>\u00c7erez Ayd\u0131nlatma Metni\u2019ni&nbsp;incelemenizi rica ederiz.&nbsp;Siteyi ve uygulamay\u0131 kullan\u0131m\u0131n\u0131z\u0131 analiz etmek <a href=\"#_msocom_1\"><\/a>i\u00e7in \u00e7erez kullan\u0131m\u0131na izin veriyorsan\u0131z, l\u00fctfen &#8220;Kabul Ediyorum&#8221; se\u00e7ene\u011fini t\u0131klay\u0131n\u0131z.<img decoding=\"async\" width=\"101\" height=\"31\" src=\"\">&nbsp;&nbsp;<\/td><\/tr><\/tbody><\/table><\/figure>\n\n\n\n<p><strong>BERNARD\u0130N\u0130 ORGAN\u0130ZASYON DANI\u015eMANLIK VE DI\u015e T\u0130CARET L\u0130M\u0130TED \u015e\u0130RKET\u0130<\/strong><strong><\/strong><\/p>\n\n\n\n<p><strong>\u0130NTERNET S\u0130TES\u0130 \u00c7EREZ AYDINLATMA METN\u0130<\/strong><strong><\/strong><\/p>\n\n\n\n<p><strong>Bernardini Organizasyon Dan\u0131\u015fmanl\u0131k ve D\u0131\u015f Ticaret Limited \u015eirketi<\/strong>&nbsp;(\u201c\u015eirket\u201d olarak an\u0131lacakt\u0131r) olarak, web sitelerimiz&nbsp;(\u201cSite\u201d),&nbsp;uygulamalar\u0131m\u0131z ya da dijital ortamda sizlerin kullan\u0131m\u0131na sundu\u011fumuz benzeri t\u00fcm&nbsp;\u00e7evrimi\u00e7i&nbsp;ya da \u00e7evrimd\u0131\u015f\u0131&nbsp;mecralar\u0131m\u0131z\u0131&nbsp;(an\u0131lan t\u00fcm mecralar birlikte&nbsp;\u201cPlatform\u201d&nbsp;olarak an\u0131lacakt\u0131r)&nbsp;kullan\u0131m\u0131n\u0131z veya&nbsp;ziyaretiniz s\u0131ras\u0131nda sizlerin deneyimini&nbsp;geli\u015ftirmek i\u00e7in \u00e7erezler, pikseller,&nbsp;GIFler&nbsp;vb.&nbsp;birtak\u0131m&nbsp;teknolojilerden (\u201c\u00e7erezler\u201d)&nbsp;faydalanmaktay\u0131z.&nbsp;<\/p>\n\n\n\n<p>Bu teknolojilerin kullan\u0131m\u0131 ba\u015fta 6698 say\u0131l\u0131 Ki\u015fisel Verilerin Korunmas\u0131 Kanunu (\u201cKVK Kanunu\u201d) olmak \u00fczere tabi oldu\u011fumuz mevzuata uygun \u015fekilde ger\u00e7ekle\u015ftirilmektedir.<\/p>\n\n\n\n<p>\u0130\u015fbu&nbsp;\u00c7erez Ayd\u0131nlatma Metni\u2019nin&nbsp;amac\u0131,&nbsp;Platformlar\u0131n kullan\u0131m\u0131 esnas\u0131nda kullan\u0131lmakta olan&nbsp;\u00e7erez&nbsp;ve piksel gibi ki\u015fisel verilerin toplanmas\u0131 yoluyla ki\u015fisel verilerin i\u015flenmesi&nbsp;nedeniyle&nbsp;elde edilen ki\u015fisel verilerin i\u015flenmesine ili\u015fkin olarak sizlere bilgi vermektir.&nbsp;&nbsp;\u0130\u015fbu metinde sitemizde ve uygulamam\u0131zda hangi ama\u00e7larla hangi t\u00fcr \u00e7erezleri kulland\u0131\u011f\u0131m\u0131z\u0131 ve bu \u00e7erezleri nas\u0131l kontrol edebilece\u011finizi sizlere a\u00e7\u0131klamak istiyoruz.<\/p>\n\n\n\n<p>\u015eirket olarak sitemizde ve uygulamam\u0131zda kulland\u0131\u011f\u0131m\u0131z \u00e7erezleri kullanmaktan vazge\u00e7ebilir, bunlar\u0131n t\u00fcrlerini veya fonksiyonlar\u0131n\u0131 de\u011fi\u015ftirebilir veya sitemize ve uygulamam\u0131zda yeni \u00e7erezler ekleyebiliriz. Dolay\u0131s\u0131yla i\u015fbu \u00c7erez Ayd\u0131nlatma Metni\u2019nin h\u00fck\u00fcmlerini diledi\u011fimiz zaman de\u011fi\u015ftirme hakk\u0131n\u0131 sakl\u0131 tutar\u0131z. G\u00fcncel \u00c7erez Ayd\u0131nlatma Metni \u00fczerinde ger\u00e7ekle\u015ftirilmi\u015f olan her t\u00fcrl\u00fc de\u011fi\u015fiklik sitede, uygulamada veya herhangi bir kamuya a\u00e7\u0131k mecrada yay\u0131nlanmakla birlikte y\u00fcr\u00fcrl\u00fck kazanacakt\u0131r. Son g\u00fcncelleme tarihini metnin sonunda bulabilirsiniz.<\/p>\n\n\n\n<p>Ki\u015fisel verilerinizin \u015eirketimiz taraf\u0131ndan i\u015flenme ama\u00e7lar\u0131 konusunda detayl\u0131 bilgilere;&nbsp;<a href=\"https:\/\/batchartisandrinks.com\/en\/\"><u>www.batchartisandrinks.com<\/u><\/a>&nbsp;adresinde yer alan Bernardini Organizasyon Dan\u0131\u015fmanl\u0131k ve D\u0131\u015f Ticaret Limited \u015eirketi&nbsp;Ayd\u0131nlatma Metni \u00fczerinden ula\u015fabilirsiniz.<\/p>\n\n\n\n<p>1-Ki\u015fisel Veri Toplaman\u0131n Y\u00f6ntemi ve Hukuki Sebebi<\/p>\n\n\n\n<p>Ki\u015fisel verileriniz, internet sitemizi ziyaretiniz kapsam\u0131nda veya uygulamam\u0131z\u0131 kullanman\u0131z dolay\u0131s\u0131yla elektronik ortamda \u00e7erezler yoluyla \u015eirketimizin me\u015fru menfaatine y\u00f6nelik hukuki sebebe dayal\u0131 olarak toplanmaktad\u0131r. Toplanan ki\u015fisel verileriniz Kanun\u2019un 5. ve 6. maddelerinde belirtilen ki\u015fisel veri i\u015fleme \u015fartlar\u0131 ve ama\u00e7lar\u0131 kapsam\u0131nda i\u015fbu \u00c7erez Ayd\u0131nlatma Metni\u2019nde belirtilen ama\u00e7larla da i\u015flenebilmektedir.<\/p>\n\n\n\n<p>2-Ki\u015fisel Verilerin Kimlere ve Hangi Ama\u00e7la Aktar\u0131labilece\u011fi<\/p>\n\n\n\n<p>\u015eirket olarak, \u00c7erez Ayd\u0131nlatma Metni kapsam\u0131ndaki ki\u015fisel verilerinizi yukar\u0131da belirtilen ama\u00e7lar\u0131n ger\u00e7ekle\u015ftirilebilmesi ile s\u0131n\u0131rl\u0131 olarak ve mevzuata uygun \u015fekilde&nbsp;tedarik\u00e7ilerimiz, ba\u011fl\u0131 \u015firketlerimiz ve i\u015ftiraklerimizle kanunen yetkili kamu kurumlar\u0131na ve kanunen yetkili \u00f6zel ki\u015filere payla\u015fabiliriz.<\/p>\n\n\n\n<p>3-Hangi \u00c7erezler Hangi Ama\u00e7larla Kullan\u0131lmaktad\u0131r?<\/p>\n\n\n\n<p>\u015eirket olarak sitemizde ve uygulamam\u0131zda \u00e7e\u015fitli ama\u00e7larla \u00e7erezler kullanmakta ve bu \u00e7erezler vas\u0131tas\u0131yla ki\u015fisel verilerinizi i\u015flemekteyiz. Bu ama\u00e7lar ba\u015fl\u0131ca \u015funlard\u0131r:<\/p>\n\n\n\n<p>Site\u2019yi, kullan\u0131c\u0131 al\u0131\u015fkanl\u0131klar\u0131n\u0131 ve uygulamay\u0131 analiz etmek, Site\u2019nin ve uygulaman\u0131n performans\u0131n\u0131 artt\u0131rmak. \u00d6rne\u011fin, Site\u2019nin \u00fczerinde \u00e7al\u0131\u015ft\u0131\u011f\u0131 farkl\u0131 sunucular\u0131n entegrasyonu, Site\u2019yi ziyaret edenlerin say\u0131s\u0131n\u0131n tespit edilmesi ve buna g\u00f6re performans ayarlar\u0131n\u0131n yap\u0131lmas\u0131 ya da ziyaret\u00e7ilerin arad\u0131klar\u0131n\u0131 bulmalar\u0131n\u0131n kolayla\u015ft\u0131r\u0131lmas\u0131.<\/p>\n\n\n\n<p>4-Sitemizde ve Uygulamam\u0131zda Kullan\u0131lan \u00c7erezler<\/p>\n\n\n\n<p>A\u015fa\u011f\u0131da sitemizde ve uygulamam\u0131zda kulland\u0131\u011f\u0131m\u0131z farkl\u0131 t\u00fcrdeki \u00e7erezleri bulabilirsiniz. Sitemizde ve uygulamam\u0131zda hem birinci parti \u00e7erezler (ziyaret etti\u011finiz site taraf\u0131ndan yerle\u015ftirilen) hem de \u00fc\u00e7\u00fcnc\u00fc parti \u00e7erezleri (ziyaret etti\u011finiz site haricindeki sunucular taraf\u0131ndan yerle\u015ftirilen) kullan\u0131lmaktad\u0131r.<\/p>\n\n\n\n<p>5-Performans ve Analiz \u00c7erezleri<\/p>\n\n\n\n<p>Bu \u00e7erezler sayesinde Sitemizi ve uygulamam\u0131z\u0131 kullan\u0131m\u0131n\u0131z\u0131 ve performans analizi yaparak sizlere verdi\u011fimiz hizmetleri daha iyi hale getirebiliyoruz. \u00d6rne\u011fin bu \u00e7erezler sayesinde ziyaret\u00e7ilerimizin en \u00e7ok hangi sayfalar\u0131 g\u00f6r\u00fcnt\u00fcledi\u011fini, sitemizin gerekti\u011fi gibi \u00e7al\u0131\u015f\u0131p \u00e7al\u0131\u015fmad\u0131\u011f\u0131n\u0131 ve olas\u0131 problemleri tespit edebiliyoruz.<\/p>\n\n\n\n<figure class=\"wp-block-table\"><table class=\"has-fixed-layout\"><tbody><tr><td>\u00c7erez<\/td><td>Description<\/td><\/tr><tr><td>Google Analytics<\/td><td>Siteye giri\u015flerin ve g\u00f6r\u00fcnt\u00fclenen sayfalar\u0131n takibi<\/td><\/tr><tr><td>&nbsp;<\/td><td>&nbsp;<\/td><\/tr><\/tbody><\/table><\/figure>\n\n\n\n<p>6-\u00c7erezlerin Kullan\u0131m\u0131n\u0131 Nas\u0131l Kontrol Edebilirim?<\/p>\n\n\n\n<p>\u00c7erez ve benzeri teknolojilerin kullan\u0131m\u0131 konusunda ziyaret\u00e7i ve kullan\u0131c\u0131lar\u0131m\u0131z\u0131n tercihleri bizler i\u00e7in esast\u0131r. Buna kar\u015f\u0131n, Platform\u2019un \u00e7al\u0131\u015fmas\u0131 i\u00e7in zorunlu olan \u00c7erezler\u2019in kullan\u0131lmas\u0131 gerekmektedir. Ek olarak baz\u0131 \u00e7erezlerin kapat\u0131lmas\u0131 halinde Platform\u2019un birtak\u0131m i\u015flevlerinin k\u0131smen ya da tamamen \u00e7al\u0131\u015fmayabilece\u011fini hat\u0131rlatmak isteriz.<\/p>\n\n\n\n<p>Platform\u2019da&nbsp;kullan\u0131lan&nbsp;\u00e7erezlere&nbsp;dair tercihlerinizi ne \u015fekilde y\u00f6netebilece\u011finize ili\u015fkin bilgiler a\u015fa\u011f\u0131daki gibidir:\u202f&nbsp;<\/p>\n\n\n\n<ul class=\"wp-block-list\">\n<li>Ziyaret\u00e7iler,\u00a0Platform\u2019u\u00a0g\u00f6r\u00fcnt\u00fcledikleri taray\u0131c\u0131 ayarlar\u0131n\u0131 de\u011fi\u015ftirerek \u00e7erezlere ili\u015fkin tercihlerini ki\u015fiselle\u015ftirme imkan\u0131na sahiptir. E\u011fer kullan\u0131lmakta olan taray\u0131c\u0131 bu imk\u00e2n\u0131 sunmaktaysa, taray\u0131c\u0131 ayarlar\u0131 \u00fczerinden\u00a0\u00e7erezlere\u00a0ili\u015fkin tercihleri de\u011fi\u015ftirmek m\u00fcmk\u00fcnd\u00fcr. B\u00f6ylelikle, taray\u0131c\u0131n\u0131n sunmu\u015f oldu\u011fu imk\u00e2nlara g\u00f6re farkl\u0131l\u0131k g\u00f6sterebilmekle birlikte, veri sahiplerinin \u00e7erezlerin kullan\u0131lmas\u0131n\u0131 engelleme, \u00e7erez kullan\u0131lmadan \u00f6nce uyar\u0131 almay\u0131 tercih etme veya sadece baz\u0131\u00a0\u00e7erezleri\u00a0devre b\u0131rakma ya da silme imkanlar\u0131 bulunmaktad\u0131r.<\/li>\n\n\n\n<li>Bu konudaki tercihler kullan\u0131lan taray\u0131c\u0131ya g\u00f6re de\u011fi\u015fiklik g\u00f6stermekle birlikte genel a\u00e7\u0131klamaya <a href=\"https:\/\/www.aboutcookies.org\/\" target=\"_blank\" rel=\"noopener\"><u>https:\/\/www.aboutcookies.org\/<\/u><\/a>\u202f\u202fadresinden ula\u015fmak m\u00fcmk\u00fcnd\u00fcr. \u00c7erezlere ili\u015fkin tercihlerin, ziyaret\u00e7inin\u00a0Platform\u2019a\u00a0eri\u015fim sa\u011flad\u0131\u011f\u0131 her bir cihaz \u00f6zelinde ayr\u0131 ayr\u0131 yap\u0131lmas\u0131 gerekebilecektir.\u00a0<\/li>\n\n\n\n<li>Google Analytics taraf\u0131ndan y\u00f6netilen\u00a0\u00e7erezleri\u00a0kapatmak i\u00e7in\u202f<a href=\"https:\/\/tools.google.com\/dlpage\/gaoptout\" target=\"_blank\" rel=\"noopener\"><u>t\u0131klay\u0131n\u0131z<\/u><\/a>.\u00a0<\/li>\n\n\n\n<li>Google taraf\u0131ndan sa\u011flanan ki\u015fiselle\u015ftirilmi\u015f reklam deneyimini y\u00f6netmek i\u00e7in\u202f<a href=\"https:\/\/www.google.com\/settings\/ads\/\" target=\"_blank\" rel=\"noopener\"><u>t\u0131klay\u0131n\u0131z<\/u><\/a>.\u00a0<\/li>\n\n\n\n<li>Bir\u00e7ok firman\u0131n reklam faaliyetleri i\u00e7in kulland\u0131\u011f\u0131 \u00e7erezler bak\u0131m\u0131ndan tercihler\u202f<a href=\"http:\/\/www.youronlinechoices.com\/tr\/reklam-tercihleriniz\" target=\"_blank\" rel=\"noopener\"><u>Your Online Choices<\/u><\/a>\u00a0\u00fczerinden y\u00f6netilebilir.\u00a0<\/li>\n\n\n\n<li>Mobil cihazlar \u00fczerinden\u00a0\u00e7erezleri\u00a0y\u00f6netmek i\u00e7in mobil cihaza ait ayarlar men\u00fcs\u00fc kullan\u0131labilir.\u00a0<\/li>\n\n\n\n<li>Taray\u0131c\u0131n\u0131z\u0131n ayarlar\u0131n\u0131 de\u011fi\u015ftirerek\u00a0\u00e7erezlere ili\u015fkin tercihlerinizi ki\u015fiselle\u015ftirme imkan\u0131na sahipsiniz.<\/li>\n<\/ul>\n\n\n\n<figure class=\"wp-block-table\"><table class=\"has-fixed-layout\"><tbody><tr><td>Adobe Analytics<\/td><td><a href=\"http:\/\/www.adobe.com\/uk\/privacy\/opt-out.html\" target=\"_blank\" rel=\"noopener\">http:\/\/www.adobe.com\/uk\/privacy\/opt-out.html<\/a><\/td><\/tr><tr><td>AOL<\/td><td><a href=\"https:\/\/help.aol.com\/articles\/restore-security-settings-and-enable-cookie-settings-on-browser\" target=\"_blank\" rel=\"noopener\">https:\/\/help.aol.com\/articles\/restore-security-settings-and-enable-cookie-settings-on-browser<\/a><\/td><\/tr><tr><td>Google Adwords<\/td><td><a href=\"https:\/\/support.google.com\/ads\/answer\/2662922?hl=en\" target=\"_blank\" rel=\"noopener\">https:\/\/support.google.com\/ads\/answer\/2662922?hl=en<\/a><\/td><\/tr><tr><td>Google Analytics<\/td><td><a href=\"https:\/\/tools.google.com\/dlpage\/gaoptout\" target=\"_blank\" rel=\"noopener\">https:\/\/tools.google.com\/dlpage\/gaoptout<\/a><\/td><\/tr><tr><td>Google Chrome<\/td><td><a href=\"http:\/\/www.google.com\/support\/chrome\/bin\/answer.py?hl=en&amp;answer=95647\" target=\"_blank\" rel=\"noopener\">http:\/\/www.google.com\/support\/chrome\/bin\/answer.py?hl=en&amp;answer=95647<\/a><\/td><\/tr><tr><td>Internet Explorer<\/td><td><a href=\"https:\/\/support.microsoft.com\/en-us\/help\/17442\/windows-internet-explorer-delete-manage-cookies\" target=\"_blank\" rel=\"noopener\">https:\/\/support.microsoft.com\/en-us\/help\/17442\/windows-internet-explorer-delete-manage-cookies<\/a><\/td><\/tr><tr><td>MozillaFirefox<\/td><td><a href=\"http:\/\/support.mozilla.com\/en-US\/kb\/Cookies\" target=\"_blank\" rel=\"noopener\">http:\/\/support.mozilla.com\/en-US\/kb\/Cookies<\/a><\/td><\/tr><tr><td>Opera<\/td><td><a href=\"http:\/\/www.opera.com\/browser\/tutorials\/security\/privacy\/\" target=\"_blank\" rel=\"noopener\">http:\/\/www.opera.com\/browser\/tutorials\/security\/privacy\/<\/a><\/td><\/tr><tr><td>Safari:<\/td><td><a href=\"https:\/\/support.apple.com\/kb\/ph19214?locale=tr_TR\" target=\"_blank\" rel=\"noopener\">https:\/\/support.apple.com\/kb\/ph19214?locale=tr_TR<\/a><\/td><\/tr><\/tbody><\/table><\/figure>\n\n\n\n<p>7-Veri Sahibi Olarak Haklar\u0131n\u0131z Nelerdir?<\/p>\n\n\n\n<p>KVK Kanunu\u2019nun 11. maddesi uyar\u0131nca veri sahipleri,<\/p>\n\n\n\n<ul class=\"wp-block-list\">\n<li>ki\u015fisel veri i\u015flenip i\u015flenmedi\u011fini \u00f6\u011frenme,<\/li>\n\n\n\n<li>ki\u015fisel verileri i\u015flenmi\u015fse buna ili\u015fkin bilgi talep etme,<\/li>\n\n\n\n<li>ki\u015fisel verilerin i\u015flenme amac\u0131n\u0131 ve bunlar\u0131n amac\u0131na uygun kullan\u0131l\u0131p kullan\u0131lmad\u0131\u011f\u0131n\u0131 \u00f6\u011frenme,<\/li>\n\n\n\n<li>yurt i\u00e7inde veya yurt d\u0131\u015f\u0131nda ki\u015fisel verilerin aktar\u0131ld\u0131\u011f\u0131 \u00fc\u00e7\u00fcnc\u00fc ki\u015fileri bilme,<\/li>\n\n\n\n<li>ki\u015fisel verilerin eksik veya yanl\u0131\u015f i\u015flenmi\u015f olmas\u0131 h\u00e2linde bunlar\u0131n d\u00fczeltilmesini isteme ve bu kapsamda yap\u0131lan i\u015flemin ki\u015fisel verilerin aktar\u0131ld\u0131\u011f\u0131 \u00fc\u00e7\u00fcnc\u00fc ki\u015filere bildirilmesini isteme,<\/li>\n\n\n\n<li>KVK Kanunu\u00a0ve ilgili di\u011fer kanun h\u00fck\u00fcmlerine uygun olarak i\u015flenmi\u015f olmas\u0131na ra\u011fmen, i\u015flenmesini gerektiren sebeplerin ortadan kalkmas\u0131 h\u00e2linde ki\u015fisel verilerin silinmesini veya yok edilmesini isteme ve bu kapsamda yap\u0131lan i\u015flemin ki\u015fisel verilerin aktar\u0131ld\u0131\u011f\u0131 \u00fc\u00e7\u00fcnc\u00fc ki\u015filere bildirilmesini isteme,<\/li>\n\n\n\n<li>i\u015flenen verilerin m\u00fcnhas\u0131ran otomatik sistemler vas\u0131tas\u0131yla analiz edilmesi suretiyle ki\u015finin kendisi aleyhine bir sonucun ortaya \u00e7\u0131kmas\u0131na itiraz etme,<\/li>\n\n\n\n<li>ki\u015fisel verilerin kanuna ayk\u0131r\u0131 olarak i\u015flenmesi sebebiyle zarara u\u011framas\u0131 h\u00e2linde zarar\u0131n giderilmesini talep etme<\/li>\n<\/ul>\n\n\n\n<p>haklar\u0131na sahiptir.<\/p>\n\n\n\n<p>Yukar\u0131da s\u0131ralanan haklar\u0131n\u0131za y\u00f6nelik ba\u015fvurular\u0131n\u0131z\u0131, <a href=\"https:\/\/batchartisandrinks.com\/en\/\"><u>www.batchartisandrinks.com<\/u><\/a><a href=\"http:\/\/www.tabfoods.com\" target=\"_blank\" rel=\"noopener\"><\/a>&nbsp;adresinden ula\u015fabilece\u011finiz Veri Sahibi Ba\u015fvuru Formu\u2019nu doldurarak veya kvkk@batchartisandrinks.com e-posta&nbsp;atarak \u015eirketimize iletebilirsiniz. Talebinizin niteli\u011fine g\u00f6re en k\u0131sa s\u00fcrede ve en ge\u00e7 otuz g\u00fcn i\u00e7inde ba\u015fvurular\u0131n\u0131z \u00fccretsiz olarak sonu\u00e7land\u0131r\u0131lacakt\u0131r; ancak i\u015flemin ayr\u0131ca bir maliyet gerektirmesi halinde Ki\u015fisel Verileri Koruma Kurulu taraf\u0131ndan belirlenecek tarifeye g\u00f6re taraf\u0131n\u0131zdan \u00fccret talep edilebilecektir.<\/p>","protected":false},"excerpt":{"rendered":"<p>Sitemizde ve uygulamam\u0131zda \u00e7erezler kullan\u0131lmaktad\u0131r. \u00c7erezler hakk\u0131nda detayl\u0131 bilgi almak i\u00e7in \u00c7erez Ayd\u0131nlatma Metni\u2019ni&nbsp;incelemenizi rica ederiz.&nbsp;Siteyi ve uygulamay\u0131 kullan\u0131m\u0131n\u0131z\u0131 analiz<\/p>","protected":false},"author":3,"featured_media":0,"parent":0,"menu_order":0,"comment_status":"closed","ping_status":"closed","template":"","meta":{"footnotes":""},"class_list":["post-29360","page","type-page","status-publish","hentry"],"_links":{"self":[{"href":"https:\/\/batchartisandrinks.com\/en\/wp-json\/wp\/v2\/pages\/29360","targetHints":{"allow":["GET"]}}],"collection":[{"href":"https:\/\/batchartisandrinks.com\/en\/wp-json\/wp\/v2\/pages"}],"about":[{"href":"https:\/\/batchartisandrinks.com\/en\/wp-json\/wp\/v2\/types\/page"}],"author":[{"embeddable":true,"href":"https:\/\/batchartisandrinks.com\/en\/wp-json\/wp\/v2\/users\/3"}],"replies":[{"embeddable":true,"href":"https:\/\/batchartisandrinks.com\/en\/wp-json\/wp\/v2\/comments?post=29360"}],"version-history":[{"count":1,"href":"https:\/\/batchartisandrinks.com\/en\/wp-json\/wp\/v2\/pages\/29360\/revisions"}],"predecessor-version":[{"id":29362,"href":"https:\/\/batchartisandrinks.com\/en\/wp-json\/wp\/v2\/pages\/29360\/revisions\/29362"}],"wp:attachment":[{"href":"https:\/\/batchartisandrinks.com\/en\/wp-json\/wp\/v2\/media?parent=29360"}],"curies":[{"name":"wp","href":"https:\/\/api.w.org\/{rel}","templated":true}]}}