{"id":29096,"date":"2025-07-27T15:36:37","date_gmt":"2025-07-27T15:36:37","guid":{"rendered":"https:\/\/batchartisandrinks.com\/?page_id=29096"},"modified":"2025-11-16T15:30:37","modified_gmt":"2025-11-16T15:30:37","slug":"sefin-imzasi","status":"publish","type":"page","link":"https:\/\/batchartisandrinks.com\/en\/sefin-imzasi\/","title":{"rendered":"The Chief&#039;s Signature"},"content":{"rendered":"<div data-elementor-type=\"wp-page\" data-elementor-id=\"29096\" class=\"elementor elementor-29096\" data-elementor-post-type=\"page\">\n\t\t\t\t<div class=\"elementor-element elementor-element-41d77827 e-con-full e-flex e-con e-parent\" data-id=\"41d77827\" data-element_type=\"container\" data-settings=\"{&quot;background_background&quot;:&quot;classic&quot;}\">\n\t\t<div class=\"elementor-element elementor-element-7b8e8874 e-con-full e-flex e-con e-child\" data-id=\"7b8e8874\" data-element_type=\"container\">\n\t\t\t\t<div class=\"elementor-element elementor-element-61f98edb elementor-widget elementor-widget-heading\" data-id=\"61f98edb\" data-element_type=\"widget\" data-widget_type=\"heading.default\">\n\t\t\t\t\t<h1 class=\"elementor-heading-title elementor-size-default\">Carlo Bernard\u0131n\u0131<\/h1>\t\t\t\t<\/div>\n\t\t\t\t<div class=\"elementor-element elementor-element-ed6b6ed elementor-widget elementor-widget-heading\" data-id=\"ed6b6ed\" data-element_type=\"widget\" data-widget_type=\"heading.default\">\n\t\t\t\t\t<h1 class=\"elementor-heading-title elementor-size-default\">Chef&amp;founder<\/h1>\t\t\t\t<\/div>\n\t\t\t\t<div class=\"elementor-element elementor-element-7251586 elementor-widget__width-initial elementor-widget-tablet__width-inherit elementor-widget-mobile__width-inherit color-scheme-inherit text-left elementor-widget elementor-widget-text-editor\" data-id=\"7251586\" data-element_type=\"widget\" data-widget_type=\"text-editor.default\">\n\t\t\t\t\t\t\t\t\t<p class=\"p1\">Carlo was born in Venice and grew up in his family\u2019s hotel-restaurant, surrounded by the rhythms of the Venetian seasons, the flavors coming from the sea and the fields, and, of course, his grandmother\u2019s inspiring home cooking.<\/p><p class=\"p1\">After graduating from the Culinary School in Venice and the Hotel Management Institute in Switzerland, he apprenticed in European kitchens under renowned chefs such as Pierre Gilgen, Anton Mossiman, and Pierre Gagnaire.<\/p><p class=\"p1\">Bu deneyimler, Carlo\u2019ya Londra\u2019daki <span class=\"s1\">The Dorchester<\/span>, Sankt Moritz\u2019teki <span class=\"s1\">The Palace Hotel<\/span> and <span class=\"s1\">Kuum Hotel<\/span>, Venedik\u2019teki <span class=\"s1\">The Cipriani Hotel<\/span>, Floransa\u2019daki <span class=\"s1\">Villa San Michele<\/span> and <span class=\"s1\">St. Etienne<\/span> gibi prestijli yerlerde \u00f6nemli mutfak tecr\u00fcbeleri kazand\u0131rd\u0131.<\/p>\t\t\t\t\t\t\t\t<\/div>\n\t\t\t\t<\/div>\n\t\t<div class=\"elementor-element elementor-element-60d4d0f4 e-con-full e-flex e-con e-child\" data-id=\"60d4d0f4\" data-element_type=\"container\">\n\t\t\t\t<div class=\"elementor-element elementor-element-b0c979 elementor-widget-mobile__width-initial elementor-widget__width-initial elementor-widget elementor-widget-image\" data-id=\"b0c979\" data-element_type=\"widget\" data-widget_type=\"image.default\">\n\t\t\t\t\t\t\t\t\t\t\t\t\t\t\t<img fetchpriority=\"high\" decoding=\"async\" width=\"602\" height=\"800\" src=\"https:\/\/batchartisandrinks.com\/wp-content\/uploads\/2025\/11\/IMG_20250927_141447-602x800.jpg\" class=\"attachment-large size-large wp-image-29673\" alt=\"\" srcset=\"https:\/\/batchartisandrinks.com\/wp-content\/uploads\/2025\/11\/IMG_20250927_141447-602x800.jpg 602w, https:\/\/batchartisandrinks.com\/wp-content\/uploads\/2025\/11\/IMG_20250927_141447-scaled-150x199.jpg 150w, https:\/\/batchartisandrinks.com\/wp-content\/uploads\/2025\/11\/IMG_20250927_141447-226x300.jpg 226w, https:\/\/batchartisandrinks.com\/wp-content\/uploads\/2025\/11\/IMG_20250927_141447-768x1020.jpg 768w, https:\/\/batchartisandrinks.com\/wp-content\/uploads\/2025\/11\/IMG_20250927_141447-1157x1536.jpg 1157w, https:\/\/batchartisandrinks.com\/wp-content\/uploads\/2025\/11\/IMG_20250927_141447-1542x2048.jpg 1542w, https:\/\/batchartisandrinks.com\/wp-content\/uploads\/2025\/11\/IMG_20250927_141447-9x12.jpg 9w, https:\/\/batchartisandrinks.com\/wp-content\/uploads\/2025\/11\/IMG_20250927_141447-scaled.jpg 1928w\" sizes=\"(max-width: 602px) 100vw, 602px\" \/>\t\t\t\t\t\t\t\t\t\t\t\t\t\t\t<\/div>\n\t\t\t\t<div class=\"elementor-element elementor-element-3842f20 elementor-widget-mobile__width-initial elementor-widget__width-inherit elementor-widget elementor-widget-image\" data-id=\"3842f20\" data-element_type=\"widget\" data-widget_type=\"image.default\">\n\t\t\t\t\t\t\t\t\t\t\t\t\t\t\t<img decoding=\"async\" width=\"600\" height=\"800\" src=\"https:\/\/batchartisandrinks.com\/wp-content\/uploads\/2025\/11\/IMG_20250927_141441-600x800.jpg\" class=\"attachment-large size-large wp-image-29672\" alt=\"\" srcset=\"https:\/\/batchartisandrinks.com\/wp-content\/uploads\/2025\/11\/IMG_20250927_141441-600x800.jpg 600w, https:\/\/batchartisandrinks.com\/wp-content\/uploads\/2025\/11\/IMG_20250927_141441-scaled-150x200.jpg 150w, https:\/\/batchartisandrinks.com\/wp-content\/uploads\/2025\/11\/IMG_20250927_141441-225x300.jpg 225w, https:\/\/batchartisandrinks.com\/wp-content\/uploads\/2025\/11\/IMG_20250927_141441-768x1024.jpg 768w, https:\/\/batchartisandrinks.com\/wp-content\/uploads\/2025\/11\/IMG_20250927_141441-1152x1536.jpg 1152w, https:\/\/batchartisandrinks.com\/wp-content\/uploads\/2025\/11\/IMG_20250927_141441-1536x2048.jpg 1536w, https:\/\/batchartisandrinks.com\/wp-content\/uploads\/2025\/11\/IMG_20250927_141441-9x12.jpg 9w, https:\/\/batchartisandrinks.com\/wp-content\/uploads\/2025\/11\/IMG_20250927_141441-scaled.jpg 1920w\" sizes=\"(max-width: 600px) 100vw, 600px\" \/>\t\t\t\t\t\t\t\t\t\t\t\t\t\t\t<\/div>\n\t\t\t\t<\/div>\n\t\t\t\t<\/div>\n\t\t<div class=\"elementor-element elementor-element-582a6ff0 e-con-full e-flex e-con e-parent\" data-id=\"582a6ff0\" data-element_type=\"container\" data-settings=\"{&quot;background_background&quot;:&quot;classic&quot;}\">\n\t\t<div class=\"elementor-element elementor-element-64f55644 e-con-full e-flex e-con e-child\" data-id=\"64f55644\" data-element_type=\"container\" data-settings=\"{&quot;background_background&quot;:&quot;classic&quot;}\">\n\t\t<div class=\"elementor-element elementor-element-37e9d549 e-con-full e-flex e-con e-child\" data-id=\"37e9d549\" data-element_type=\"container\" data-settings=\"{&quot;background_background&quot;:&quot;classic&quot;}\">\n\t\t\t\t<div class=\"elementor-element elementor-element-77d95b33 elementor-cta--layout-image-above elementor-widget__width-inherit elementor-cta--skin-classic elementor-animated-content elementor-bg-transform elementor-bg-transform-zoom-in elementor-widget elementor-widget-call-to-action\" data-id=\"77d95b33\" data-element_type=\"widget\" data-widget_type=\"call-to-action.default\">\n\t\t\t\t\t\t\t<div class=\"elementor-cta\">\n\t\t\t\t\t<div class=\"elementor-cta__bg-wrapper\">\n\t\t\t\t<div class=\"elementor-cta__bg elementor-bg\" style=\"background-image: url(https:\/\/batchartisandrinks.com\/wp-content\/uploads\/2025\/11\/IMG_20250924_150456-1-602x800.jpg);\" role=\"img\" aria-label=\"format: 3; filter: null; fileterIntensity: null; filterMask: null; captureOrientation: 90;runfunc: 0; algolist: 0;multi-frame: 1;brp_mask:0;brp_del_th:0.0000,0.0000;brp_del_sen:0.0000,0.0000;motionR: 3;delta:1;bokeh:1;module: portrait;hw-remosaic: false;touch: (-1.0, -1.0);sceneMode: 12582912;cct_value: 0;AI_Scene: (0, 0);aec_lux: 293.0;aec_lux_index: 0;albedo:  ;confidence:  ;motionLevel: 3;weatherinfo: weather?null, icon:null, weatherInfo:100;temperature: 36;zeissColor: bright;\"><\/div>\n\t\t\t\t<div class=\"elementor-cta__bg-overlay\"><\/div>\n\t\t\t<\/div>\n\t\t\t\t\t\t\t<div class=\"elementor-cta__content\">\n\t\t\t\t\n\t\t\t\t\n\t\t\t\t\t\t\t\t\t<div class=\"elementor-cta__description elementor-cta__content-item elementor-content-item\">\n\t\t\t\t\t\tAfter his experiences in distinguished kitchens, Carlo traveled to the United States to further refine his skills. He worked at Aqua in San Francisco and Le Cirque in New York before joining the Four Seasons Hotel Group, where he served as Executive Chef in the Tokyo, Singapore, and Bangkok properties. During this period, he blended traditional Italian style with subtle exotic influences.\t\t\t\t\t<\/div>\n\t\t\t\t\n\t\t\t\t\t\t\t<\/div>\n\t\t\t\t\t\t<\/div>\n\t\t\t\t\t\t<\/div>\n\t\t\t\t<\/div>\n\t\t<div class=\"elementor-element elementor-element-7f1bd37b e-con-full e-flex e-con e-child\" data-id=\"7f1bd37b\" data-element_type=\"container\">\n\t\t\t\t<div class=\"elementor-element elementor-element-c2dbd77 elementor-cta--layout-image-above elementor-widget__width-inherit elementor-cta--skin-classic elementor-animated-content elementor-bg-transform elementor-bg-transform-zoom-in elementor-widget elementor-widget-call-to-action\" data-id=\"c2dbd77\" data-element_type=\"widget\" data-widget_type=\"call-to-action.default\">\n\t\t\t\t\t\t\t<div class=\"elementor-cta\">\n\t\t\t\t\t<div class=\"elementor-cta__bg-wrapper\">\n\t\t\t\t<div class=\"elementor-cta__bg elementor-bg\" style=\"background-image: url(https:\/\/batchartisandrinks.com\/wp-content\/uploads\/2025\/11\/IMG_20250928_121535-1-602x800.jpg);\" role=\"img\" aria-label=\"format: 0; filter: 2201; fileterIntensity: 0.0; filterMask: 0; captureOrientation: 90;runfunc: 0; algolist: 0;multi-frame: 0;brp_mask:0;brp_del_th:null;brp_del_sen:null;motionR: 3;delta:1;bokeh:1;module: portrait;hw-remosaic: false;touch: (-1.0, -1.0);sceneMode: 12582912;cct_value: 0;AI_Scene: (0, 0);aec_lux: 239.0;aec_lux_index: 0;albedo:  ;confidence:  ;motionLevel: 3;weatherinfo: weather?null, icon:null, weatherInfo:100;temperature: 49;zeissColor: bright;\"><\/div>\n\t\t\t\t<div class=\"elementor-cta__bg-overlay\"><\/div>\n\t\t\t<\/div>\n\t\t\t\t\t\t\t<div class=\"elementor-cta__content\">\n\t\t\t\t\n\t\t\t\t\n\t\t\t\t\t\t\t\t\t<div class=\"elementor-cta__description elementor-cta__content-item elementor-content-item\">\n\t\t\t\t\t\tHis career with the Four Seasons Hotels Group took him to cities such as London, Lisbon, Cairo, and Istanbul, where he served as Executive Chef during the opening phases of their properties.\t\t\t\t\t<\/div>\n\t\t\t\t\n\t\t\t\t\t\t\t<\/div>\n\t\t\t\t\t\t<\/div>\n\t\t\t\t\t\t<\/div>\n\t\t\t\t<\/div>\n\t\t<div class=\"elementor-element elementor-element-971c918 e-con-full e-flex e-con e-child\" data-id=\"971c918\" data-element_type=\"container\">\n\t\t\t\t<div class=\"elementor-element elementor-element-5f600fdf elementor-cta--layout-image-above elementor-widget__width-inherit elementor-cta--skin-classic elementor-animated-content elementor-bg-transform elementor-bg-transform-zoom-in elementor-widget elementor-widget-call-to-action\" data-id=\"5f600fdf\" data-element_type=\"widget\" data-widget_type=\"call-to-action.default\">\n\t\t\t\t\t\t\t<div class=\"elementor-cta\">\n\t\t\t\t\t<div class=\"elementor-cta__bg-wrapper\">\n\t\t\t\t<div class=\"elementor-cta__bg elementor-bg\" style=\"background-image: url(https:\/\/batchartisandrinks.com\/wp-content\/uploads\/2025\/11\/IMG_20250927_140950-602x800.jpg);\" role=\"img\" aria-label=\"format: 0; filter: null; fileterIntensity: null; filterMask: null; captureOrientation: 90;runfunc: 0; algolist: 0;multi-frame: 1;brp_mask:0;brp_del_th:0.0000,0.0000;brp_del_sen:0.0000,0.0000;motionR: 3;delta:1;bokeh:1;module: portrait;hw-remosaic: false;touch: (-1.0, -1.0);sceneMode: 13107200;cct_value: 0;AI_Scene: (0, 0);aec_lux: 180.0;aec_lux_index: 0;albedo:  ;confidence:  ;motionLevel: 3;weatherinfo: weather?null, icon:null, weatherInfo:100;temperature: 41;zeissColor: bright;\"><\/div>\n\t\t\t\t<div class=\"elementor-cta__bg-overlay\"><\/div>\n\t\t\t<\/div>\n\t\t\t\t\t\t\t<div class=\"elementor-cta__content\">\n\t\t\t\t\n\t\t\t\t\n\t\t\t\t\t\t\t\t\t<div class=\"elementor-cta__description elementor-cta__content-item elementor-content-item\">\n\t\t\t\t\t\tThroughout his career, Chef Carlo has served as a private chef at official events for distinguished figures such as Her Majesty Queen Elizabeth II, President Clinton and President Obama, Michael Bloomberg, and many other notable guests.\t\t\t\t\t<\/div>\n\t\t\t\t\n\t\t\t\t\t\t\t<\/div>\n\t\t\t\t\t\t<\/div>\n\t\t\t\t\t\t<\/div>\n\t\t\t\t<\/div>\n\t\t\t\t<\/div>\n\t\t\t\t<\/div>\n\t\t\t\t<\/div>","protected":false},"excerpt":{"rendered":"<p>Carlo Bernard\u0131n\u0131 Chef&amp;founder Carlo, Venedik\u2019te do\u011fdu ve ailesine ait otel-restoranda b\u00fcy\u00fcd\u00fc. Venedik mevsimlerinin ritimleri, denizden ve tarlalardan gelen lezzetler, ve<\/p>","protected":false},"author":1,"featured_media":0,"parent":0,"menu_order":0,"comment_status":"closed","ping_status":"closed","template":"","meta":{"footnotes":""},"class_list":["post-29096","page","type-page","status-publish","hentry"],"_links":{"self":[{"href":"https:\/\/batchartisandrinks.com\/en\/wp-json\/wp\/v2\/pages\/29096","targetHints":{"allow":["GET"]}}],"collection":[{"href":"https:\/\/batchartisandrinks.com\/en\/wp-json\/wp\/v2\/pages"}],"about":[{"href":"https:\/\/batchartisandrinks.com\/en\/wp-json\/wp\/v2\/types\/page"}],"author":[{"embeddable":true,"href":"https:\/\/batchartisandrinks.com\/en\/wp-json\/wp\/v2\/users\/1"}],"replies":[{"embeddable":true,"href":"https:\/\/batchartisandrinks.com\/en\/wp-json\/wp\/v2\/comments?post=29096"}],"version-history":[{"count":22,"href":"https:\/\/batchartisandrinks.com\/en\/wp-json\/wp\/v2\/pages\/29096\/revisions"}],"predecessor-version":[{"id":29729,"href":"https:\/\/batchartisandrinks.com\/en\/wp-json\/wp\/v2\/pages\/29096\/revisions\/29729"}],"wp:attachment":[{"href":"https:\/\/batchartisandrinks.com\/en\/wp-json\/wp\/v2\/media?parent=29096"}],"curies":[{"name":"wp","href":"https:\/\/api.w.org\/{rel}","templated":true}]}}