{"id":29031,"date":"2025-07-26T13:58:26","date_gmt":"2025-07-26T13:58:26","guid":{"rendered":"https:\/\/batchartisandrinks.com\/?page_id=29031"},"modified":"2025-07-26T16:09:42","modified_gmt":"2025-07-26T16:09:42","slug":"mesafeli-satis-sozlesmesi","status":"publish","type":"page","link":"https:\/\/batchartisandrinks.com\/en\/mesafeli-satis-sozlesmesi\/","title":{"rendered":"Distance Sales Contract"},"content":{"rendered":"<p>Distance Sales Contract<\/p>\n\n\n\n<p><br>T\u00fcm kullan\u0131c\u0131lar \u00fcyelik i\u015flemlerini ger\u00e7ekle\u015ftirdikleri anda \u015fat\u0131\u015f s\u00f6zle\u015fmesini okuduklar\u0131n\u0131 ve onaylad\u0131klar\u0131n\u0131 kabul etmi\u015f say\u0131l\u0131rlar.<br><br>Sat\u0131\u015f S\u00f6zle\u015fmesi \u2028batchartisandrinks.com ile M\u00fc\u015fteri aras\u0131ndaki Sanal Ortamda\u00a0Sat\u0131\u015f\u00a0S\u00f6zle\u015fmesidir.<br><br>Madde \u2013 1<\/p>\n\n\n\n<p>\u2028Is bu s\u00f6zle\u015fmenin konusu, sat\u0131c\u0131n\u0131n, al\u0131c\u0131ya sat\u0131s\u0131n\u0131 yapt\u0131\u011f\u0131, a\u015fa\u011f\u0131da nitelikleri ve sat\u0131\u015f fiyat\u0131 belirtilen \u00fcr\u00fcn\u00fcn sat\u0131s\u0131 ve teslimi ile ilgili olarak 4077 say\u0131l\u0131 T\u00fcketicilerin Korunmas\u0131 Hakk\u0131ndaki Kanunun; Mesafeli S\u00f6zle\u015fmeleri Uygulama Esas ve Usulleri Hakk\u0131nda Y\u00f6netmelik h\u00fck\u00fcmleri gere\u011fince taraflar\u0131n hak ve y\u00fck\u00fcml\u00fcl\u00fcklerinin kapsamaktad\u0131r.<\/p>\n\n\n\n<p><br>Madde \u2013 2\u2028<\/p>\n\n\n\n<p>SATICI BILGILERI\u2028\u2028&nbsp;{isim} \u2013 {vergi_no}vergi numaral\u0131 \u015fah\u0131s \u015firketi<\/p>\n\n\n\n<p>Madde \u2013 3<\/p>\n\n\n\n<p>\u2028ALICI BILGILERI\u2028<\/p>\n\n\n\n<p>T\u00fcm \u00fcyeler:\u00a0{isim} firmas\u0131n\u0131n e-ticaret ma\u011fazas\u0131 batchartisandrinks.com\u2019a \u00fcye olup veya olmadan al\u0131\u015fveri\u015f yapan t\u00fcm al\u0131c\u0131lar. (Bundan sonra al\u0131c\u0131 veya m\u00fc\u015fteri olarak an\u0131lacakt\u0131r).<br><br>Madde \u2013 4\u2028<\/p>\n\n\n\n<p>S\u00d6ZLESME KONUSU VE \u00dcR\u00dcN BILGILERI:\u2028<\/p>\n\n\n\n<p>Mal\/\u00dcr\u00fcn veya Hizmetin; T\u00fcr\u00fc, Miktar\u0131, Marka\/Modeli, Rengi, Adedi, Sat\u0131\u015f Bedeli ve \u00d6deme Sekli, sitede belirtildi\u011fi gibi olup, bu vaatler al\u0131c\u0131ya bildirilmeden de\u011fi\u015fiklik g\u00f6sterebilmektedir.<br><br>Madde \u2013 5\u2028<\/p>\n\n\n\n<p>GENEL H\u00dcK\u00dcMLER\u2028<\/p>\n\n\n\n<p>5.1 \u2013 ALICI, Madde 4te belirtilen s\u00f6zle\u015fme konusu \u00fcr\u00fcn\u00fcn temel nitelikleri, sat\u0131\u015f fiyat\u0131 ve \u00f6deme sekli ile teslimata ili\u015fkin t\u00fcm \u00f6n bilgileri okuyup bilgi sahibi oldu\u011funu ve elektronik ortamda gerekli teyidi verdi\u011fini beyan eder.<\/p>\n\n\n\n<p>5.2 \u2013 S\u00f6zle\u015fme konusu \u00fcr\u00fcn, yasal 30 g\u00fcnl\u00fck s\u00fcreyi asmamak ko\u015fulu ile her bir \u00fcr\u00fcn i\u00e7in alicinin yerle\u015fim yerinin uzakl\u0131\u011f\u0131na ba\u011fl\u0131 olarak \u00f6n bilgiler i\u00e7inde a\u00e7\u0131klanan s\u00fcre i\u00e7inde alici veya g\u00f6sterdi\u011fi adresteki ki\u015fi veya kurulu\u015fa teslim edilir.\u2028<\/p>\n\n\n\n<p>5.3 \u2013 S\u00f6zle\u015fme konusu \u00fcr\u00fcn, al\u0131c\u0131dan ba\u015fka bir ki\u015fi veya kurulu\u015fa teslim edilecek ise, teslim edilecek ki\u015fi veya kurulusun teslimat\u0131 kabul etmemesinden dolay\u0131 SATICI sorumlu tutulamaz.\u2028<\/p>\n\n\n\n<p>5.4 \u201d SATICI , s\u00f6zle\u015fme konusu \u00fcr\u00fcn\u00fcn saglam, eksiksiz, sipari\u015fte belirtilen niteliklere uygun ve varsa garanti belgeleri ve kullan\u0131m k\u0131lavuzlar\u0131&nbsp;ile birlikte teslim edilmesinden sorumludur.\u2028<\/p>\n\n\n\n<p>5.5 \u2013 S\u00f6zle\u015fme konusu \u00fcr\u00fcn\u00fcn teslimat\u0131&nbsp;i\u00e7in is bu s\u00f6zle\u015fmenin elektronik ortamda onaylanm\u0131\u015f&nbsp;olmas\u0131&nbsp;ve sat\u0131\u015f&nbsp;bedelinin alicinin tercih ettigi \u00f6deme sekli ile \u00f6denmi\u015f&nbsp;olmas\u0131&nbsp;\u015fartt\u0131r. Herhangi bir nedenle \u00fcr\u00fcn bedeli \u00f6denmez veya banka kay\u0131tlar\u0131nda iptal edilir ise, SATICI \u00fcr\u00fcn\u00fcn teslimi y\u00fck\u00fcml\u00fcl\u00fc\u011f\u00fcnden kurtulmu\u015f&nbsp;kabul edilir.\u2028<\/p>\n\n\n\n<p>5.6 \u2013 \u00dcr\u00fcn\u00fcn tesliminden sonra al\u0131c\u0131ya ait kredi kart\u0131n\u0131n al\u0131c\u0131n\u0131n kusurundan kaynaklanmayan bir sekilde yetkisiz kisilerce haksiz veya hukuka ayk\u0131r\u0131&nbsp;olarak kullan\u0131lmas\u0131&nbsp;nedeni ile ilgili banka veya finans kurulusun \u00fcr\u00fcn bedelini SATICI ya \u00f6dememesi halinde, ALICI kendisi veya satis s\u00f6zle\u015fmesinde belirtti\u011fi ki\u015fi veya kuruma teslim edilmi\u015f&nbsp;olan \u00fcr\u00fcn\u00fc 3 i\u015f g\u00fcn\u00fc i\u00e7inde SATICI ya g\u00f6ndermek zorundad\u0131r. B\u00f6yle bir durumda nakliye giderleri al\u0131c\u0131ya aittir.\u2028<\/p>\n\n\n\n<p>5.7 \u2013 SATICI m\u00fccbir sebepler veya nakliyeyi engelleyen hava muhalefeti, ula\u015f\u0131m\u0131n kesilmesi gibi ola\u011fan\u00fcst\u00fc durumlar nedeni ile s\u00f6zle\u015fme konusu \u00fcr\u00fcn\u00fc s\u00fcresi i\u00e7inde teslim edemez ise, durumu al\u0131c\u0131ya bildirmekle y\u00fck\u00fcml\u00fcd\u00fcr. Bu takdirde alici sipari\u015finin iptal edilmesini, s\u00f6zle\u015fme konusu \u00fcr\u00fcn\u00fcn varsa emsali ile de\u011fi\u015ftirilmesini, ve\/veya teslimat s\u00fcresinin engelleyici durumun ortadan kalkmas\u0131na kadar ertelenmesi haklar\u0131ndan birini kullanabilir. Alicinin sipari\u015fi iptal etmesi halinde, SATICI 7 g\u00fcn i\u00e7inde al\u0131c\u0131ya ait kredi kart\u0131&nbsp;fi\u015finin iptali ve ilgili tutar\u0131n alicinin hesab\u0131na iade edilmesi konusunda ilgili banka nezdinde giri\u015fimde bulunur ve yap\u0131lan islem elektronik posta arac\u0131l\u0131\u011f\u0131&nbsp;ile ALICIya bildirilir. B\u00f6yle bir durumda ilgili bankadan kaynaklanan gecikmelerden dolay\u0131 SATICI sorumlu tutulamaz.\u2028<\/p>\n\n\n\n<p>5.8 \u2013 ALICI ve\/veya ALICInin teslimat yap\u0131lmas\u0131 istedi\u011fi kisi ve\/veya kurumlara teslim edilmi\u015f&nbsp;olan \u00fcr\u00fcnlerin arizal\u0131&nbsp;veya bozuk olmas\u0131&nbsp;durumunda, garanti \u015fartlar\u0131&nbsp;i\u00e7inde gerekli onar\u0131m veya de\u011fi\u015ftirme i\u015fleminin yap\u0131lmas\u0131&nbsp;i\u00e7in ilgili \u00fcr\u00fcn veya \u00fcr\u00fcnler SATICIya, ALICI taraf\u0131n\u0131n teslim ald\u0131\u011f\u0131&nbsp;tarihten ba\u015flayarak 7 g\u00fcn i\u00e7inde g\u00f6nderilir ve nakliye giderleri SATICI taraf\u0131ndan kars\u0131lan\u0131r. B\u00f6yle bir durumda 7 g\u00fcnl\u00fck s\u00fcrenin dolmas\u0131&nbsp;halinde, ALICI teslim alm\u0131\u015f&nbsp;oldu\u011fu \u00fcr\u00fcn\u00fc ilgili servisine g\u00f6t\u00fcrmek zorundad\u0131r.\u2028<\/p>\n\n\n\n<p>5.9- Is bu s\u00f6zle\u015fme, alici taraf\u0131ndan elektronik olarak onayland\u0131ktan(\u00fcyelik ger\u00e7ekle\u015ftirildikten sonra){adres} adresine ula\u015ft\u0131r\u0131ld\u0131ktan sonra ge\u00e7erlilik kazan\u0131r.<br><br>Madde \u2013 6<\/p>\n\n\n\n<p>\u2028CAYMA HAKKI:\u2028&nbsp;Al\u0131c\u0131, s\u00f6zle\u015fme konusu \u00fcr\u00fcr\u00fcn\u00fcn kendisine veya g\u00f6sterdi\u011fi&nbsp;adresteki ki\u015fi\/kurulu\u015fa tesliminden itibaren yedi (7) g\u00fcn i\u00e7inde cayma hakk\u0131na sahiptir. Cayma hakkinin kullan\u0131labilmesi i\u00e7in bu s\u00fcre i\u00e7inde SATICIya faks veya elektronik posta ile bildirimde bulunulmas\u0131&nbsp;ve \u00fcr\u00fcn\u00fcn 7. madde h\u00fck\u00fcmleri \u00e7er\u00e7evesinde kullan\u0131lmam\u0131\u015f&nbsp;ve ambalaj\u0131n\u0131n zarar g\u00f6rmemi\u015f&nbsp;olmas\u0131&nbsp;\u015fartt\u0131r. Bu hakkin kullan\u0131lmas\u0131&nbsp;halinde, 3. kisiye veya Al\u0131c\u0131ya teslim edilen \u00fcr\u00fcn\u00fcn SATICIya g\u00f6nderildi\u011fine dair kargo teslim tutana\u011f\u0131&nbsp;\u00f6rnegi ile satis faturas\u0131&nbsp;aslinin iadesi zorunludur. Bu belgelerin ula\u015fmas\u0131n\u0131 takip eden 7 g\u00fcn i\u00e7inde \u00fcr\u00fcn bedelinin ALICInin kredi kart\u0131 hesab\u0131na iade edilmesi i\u00e7in SATICI ilgili banka nezdinde giri\u015fimde&nbsp;bulunur. \u00dcr\u00fcn bedelinin iadesinde banka taraf\u0131ndaki aksakl\u0131klardan dolay\u0131 SATICI sorumlu tutulamaz. Sat\u0131\u015f faturas\u0131n\u0131n aslinin g\u00f6nderilmemesi durumunda katma deger vergisi ve varsa di\u011fer&nbsp;yasal y\u00fck\u00fcml\u00fcl\u00fckler iade edilmez. Cayma hakki nedeni ile iade edilen \u00fcr\u00fcn\u00fcn kargo bedeli ALICIya aittir. Ayr\u0131ca, niteli\u011fi itibar\u0131yla&nbsp;iade edilemeyecek \u00fcr\u00fcnler, tek kullan\u0131ml\u0131k \u00fcr\u00fcnler, kopyalanabilir yaz\u0131l\u0131m ve programlar, h\u0131zl\u0131 bozulan veya son kullan\u0131m tarihi ge\u00e7en \u00fcr\u00fcnler i\u00e7in cayma hakk\u0131&nbsp;kullan\u0131lamaz. Her t\u00fcrl\u00fc yaz\u0131l\u0131m&nbsp;ve programlar, DVD, VCD, CD ve kasetler, Bilgisayar ve k\u0131rtasiye sarf malzemeleri (toner, kartu\u015f, \u015ferit v.b) ve H\u00fcr t\u00fcrl\u00fc kozmetik \u00fcr\u00fcnlerinde cayma hakkinin kullan\u0131lmas\u0131, \u00fcr\u00fcn\u00fcn ambalaj\u0131n\u0131n a\u00e7\u0131lmam\u0131\u015f, bozulmam\u0131\u015f ve \u00fcr\u00fcn\u00fcn kullan\u0131lmam\u0131\u015f olmas\u0131 \u015fart\u0131na ba\u011fl\u0131d\u0131r.<br><br>Madde \u2013 7\u2028<\/p>\n\n\n\n<p>YETK\u0130L\u0130 MAHKEME:\u2028Is bu s\u00f6zle\u015fmenin uygulanmas\u0131nda, Sanayi ve Ticaret Bakanl\u0131\u011f\u0131nca ilan edilen de\u011fere kadar T\u00fcketici Hakem Heyetleri ile ALICInin veya SATICInin yerle\u015fim yerindeki T\u00dcKETICI MAHKEMELERI yetkilidir. Sipari\u015fin elektronik ortamda onaylanmas\u0131&nbsp;durumunda, ALICI is bu s\u00f6zle\u015fmenin&nbsp;t\u00fcm h\u00fck\u00fcmlerini kabul etmi\u015f&nbsp;say\u0131l\u0131r.<\/p>","protected":false},"excerpt":{"rendered":"<p>Mesafeli Sat\u0131\u015f S\u00f6zle\u015fmesi T\u00fcm kullan\u0131c\u0131lar \u00fcyelik i\u015flemlerini ger\u00e7ekle\u015ftirdikleri anda \u015fat\u0131\u015f s\u00f6zle\u015fmesini okuduklar\u0131n\u0131 ve onaylad\u0131klar\u0131n\u0131 kabul etmi\u015f say\u0131l\u0131rlar. Sat\u0131\u015f S\u00f6zle\u015fmesi \u2028batchartisandrinks.com<\/p>","protected":false},"author":1,"featured_media":0,"parent":0,"menu_order":0,"comment_status":"closed","ping_status":"closed","template":"","meta":{"footnotes":""},"class_list":["post-29031","page","type-page","status-publish","hentry"],"_links":{"self":[{"href":"https:\/\/batchartisandrinks.com\/en\/wp-json\/wp\/v2\/pages\/29031","targetHints":{"allow":["GET"]}}],"collection":[{"href":"https:\/\/batchartisandrinks.com\/en\/wp-json\/wp\/v2\/pages"}],"about":[{"href":"https:\/\/batchartisandrinks.com\/en\/wp-json\/wp\/v2\/types\/page"}],"author":[{"embeddable":true,"href":"https:\/\/batchartisandrinks.com\/en\/wp-json\/wp\/v2\/users\/1"}],"replies":[{"embeddable":true,"href":"https:\/\/batchartisandrinks.com\/en\/wp-json\/wp\/v2\/comments?post=29031"}],"version-history":[{"count":2,"href":"https:\/\/batchartisandrinks.com\/en\/wp-json\/wp\/v2\/pages\/29031\/revisions"}],"predecessor-version":[{"id":29069,"href":"https:\/\/batchartisandrinks.com\/en\/wp-json\/wp\/v2\/pages\/29031\/revisions\/29069"}],"wp:attachment":[{"href":"https:\/\/batchartisandrinks.com\/en\/wp-json\/wp\/v2\/media?parent=29031"}],"curies":[{"name":"wp","href":"https:\/\/api.w.org\/{rel}","templated":true}]}}