{"id":15,"date":"2025-07-26T16:10:25","date_gmt":"2025-07-26T16:10:25","guid":{"rendered":"https:\/\/batchartisandrinks.com\/?page_id=15"},"modified":"2025-08-30T06:34:56","modified_gmt":"2025-08-30T06:34:56","slug":"refund_returns","status":"publish","type":"page","link":"https:\/\/batchartisandrinks.com\/en\/refund_returns\/","title":{"rendered":"Geri \u00d6deme ve \u0130ade Politikas\u0131"},"content":{"rendered":"<p><strong>\u0130ade ve geri \u00f6deme politikam\u0131z 14 g\u00fcn s\u00fcrmektedir. Sat\u0131n alma i\u015fleminizin \u00fczerinden 14 g\u00fcn ge\u00e7tiyse, size iade veya de\u011fi\u015fim teklif edemeyiz.<\/strong><\/p>\n\n\n\n<p>\u00dcr\u00fcn\u00fcn\u00fcz\u00fcn iade edilebilmesi i\u00e7in kullan\u0131lmam\u0131\u015f ve ald\u0131\u011f\u0131n\u0131z haliyle ayn\u0131 durumda olmas\u0131 gerekir. Ayr\u0131ca orijinal ambalaj\u0131nda olmal\u0131d\u0131r.<\/p>\n\n\n\n<p>Baz\u0131 \u00fcr\u00fcn t\u00fcrleri iadeden muaft\u0131r. Yiyecek, \u00e7i\u00e7ek, gazete veya dergi gibi \u00e7abuk bozulan \u00fcr\u00fcnler iade edilemez. Ayr\u0131ca \u00f6zel veya s\u0131hhi \u00fcr\u00fcnler, tehlikeli maddeler veya yan\u0131c\u0131 s\u0131v\u0131lar veya gazlar i\u00e7eren \u00fcr\u00fcnleri de kabul etmiyoruz.<\/p>\n\n\n\n<p id=\"block-505d2d6c-728c-4046-8662-bb0da8d5c4eb\">\u0130adenizi tamamlamak i\u00e7in bir makbuz veya sat\u0131n alma belgesine ihtiyac\u0131m\u0131z var.<\/p>\n\n\n\n<p id=\"block-deca5fc0-c385-4270-94c8-279dbc7865c3\">\u0130adeniz al\u0131nd\u0131ktan ve incelendikten sonra, iade \u00fcr\u00fcn\u00fcn\u00fcz\u00fc ald\u0131\u011f\u0131m\u0131z\u0131 bildirmek i\u00e7in size bir e-posta g\u00f6nderece\u011fiz. Ayr\u0131ca iadenizin onayland\u0131\u011f\u0131n\u0131 veya reddedildi\u011fini de size bildirece\u011fiz.<\/p>\n\n\n\n<p id=\"block-8462aca8-44dd-4c9c-aed1-bbd5c9e0e69d\">\u0130adeniz onaylan\u0131rsa, iadeniz i\u015fleme al\u0131nacak ve belirli bir g\u00fcn i\u00e7inde kredi kart\u0131n\u0131za veya orijinal \u00f6deme y\u00f6nteminize otomatik olarak bir kredi uygulanacakt\u0131r.<\/p>\n\n\n\n<p id=\"block-3579d63c-3b1b-4a87-bd2d-5b6e25c92be8\">Hen\u00fcz para iadesi almad\u0131ysan\u0131z, \u00f6nce banka hesab\u0131n\u0131z\u0131 tekrar kontrol edin.<\/p>\n\n\n\n<p id=\"block-6f772cf5-93c7-4eb9-87af-79d7a92b1747\">Ard\u0131ndan kredi kart\u0131 \u015firketinizle ileti\u015fime ge\u00e7in, iadenizin resmi olarak g\u00f6nderilmesi biraz zaman alabilir.<\/p>\n\n\n\n<p id=\"block-2f17a86c-b0ab-4fdb-9dbd-c24de80b18b1\">T\u00fcm bunlar\u0131 yapt\u0131ysan\u0131z ve hala geri \u00f6demenizi almad\u0131ysan\u0131z, l\u00fctfen info@batchartisandrinks.com adresinden bizimle ileti\u015fime ge\u00e7in.<\/p>\n\n\n\n<p id=\"block-7c9c56f2-ca3d-4dc9-8deb-f317c3d98635\">Kargo iadeleri<\/p>\n\n\n\n<p id=\"block-5e2d6ab5-0e62-4732-9597-13d683bfef34\">\u00dcr\u00fcn\u00fcn\u00fcz\u00fc iade etmek i\u00e7in kendi nakliye masraflar\u0131n\u0131z\u0131 \u00f6demekten sorumlu olacaks\u0131n\u0131z. Nakliye masraflar\u0131 iade edilmez. Para iadesi al\u0131rsan\u0131z, iade kargo \u00fccreti para iadenizden d\u00fc\u015f\u00fclecektir.<\/p>\n\n\n\n<p id=\"block-b6045a89-5ed0-4d45-a9f4-32be54e12e1b\">Nerede ya\u015fad\u0131\u011f\u0131n\u0131za ba\u011fl\u0131 olarak, de\u011fi\u015ftirdi\u011finiz \u00fcr\u00fcn\u00fcn size ula\u015fma s\u00fcresi de\u011fi\u015febilir.<\/p>\n\n\n\n<p id=\"block-8d3832cb-fbfc-4a96-8606-5875f21d12e1\">Daha pahal\u0131 \u00fcr\u00fcnleri iade ediyorsan\u0131z, takip edilebilir bir kargo hizmeti kullanmay\u0131 veya kargo sigortas\u0131 sat\u0131n almay\u0131 d\u00fc\u015f\u00fcnebilirsiniz. \u0130ade etti\u011finiz \u00fcr\u00fcn\u00fc teslim alaca\u011f\u0131m\u0131z\u0131 garanti etmiyoruz.<\/p>\n\n\n\n<p id=\"block-68939978-99c1-4a12-a9ff-a7c53e41a5cf\">Yard\u0131ma m\u0131 ihtiyac\u0131n\u0131z var?<\/p>\n\n\n\n<p>\u0130ade ve geri \u00f6demelerle ilgili sorular\u0131n\u0131z i\u00e7in info@batchartisandrinks.com adresinden bize ula\u015f\u0131n.<\/p>","protected":false},"excerpt":{"rendered":"<p>\u0130ade ve geri \u00f6deme politikam\u0131z 14 g\u00fcn s\u00fcrmektedir. Sat\u0131n alma i\u015fleminizin \u00fczerinden 14 g\u00fcn ge\u00e7tiyse, size iade veya de\u011fi\u015fim teklif<\/p>","protected":false},"author":1,"featured_media":0,"parent":0,"menu_order":0,"comment_status":"closed","ping_status":"closed","template":"","meta":{"footnotes":""},"class_list":["post-15","page","type-page","status-publish","hentry"],"_links":{"self":[{"href":"https:\/\/batchartisandrinks.com\/en\/wp-json\/wp\/v2\/pages\/15","targetHints":{"allow":["GET"]}}],"collection":[{"href":"https:\/\/batchartisandrinks.com\/en\/wp-json\/wp\/v2\/pages"}],"about":[{"href":"https:\/\/batchartisandrinks.com\/en\/wp-json\/wp\/v2\/types\/page"}],"author":[{"embeddable":true,"href":"https:\/\/batchartisandrinks.com\/en\/wp-json\/wp\/v2\/users\/1"}],"replies":[{"embeddable":true,"href":"https:\/\/batchartisandrinks.com\/en\/wp-json\/wp\/v2\/comments?post=15"}],"version-history":[{"count":3,"href":"https:\/\/batchartisandrinks.com\/en\/wp-json\/wp\/v2\/pages\/15\/revisions"}],"predecessor-version":[{"id":29359,"href":"https:\/\/batchartisandrinks.com\/en\/wp-json\/wp\/v2\/pages\/15\/revisions\/29359"}],"wp:attachment":[{"href":"https:\/\/batchartisandrinks.com\/en\/wp-json\/wp\/v2\/media?parent=15"}],"curies":[{"name":"wp","href":"https:\/\/api.w.org\/{rel}","templated":true}]}}